{"id":3,"date":"2020-07-28T11:00:39","date_gmt":"2020-07-28T11:00:39","guid":{"rendered":"https:\/\/box5756\/cgi\/addon_GT.cgi?s=GT::WP::Install::EIG+%28atpronto%29+-+10.0.87.65+%5BWordPress%3b+\/var\/hp\/common\/lib\/WordPress.pm%3b+295%3b+Hosting::gap_call%5D\/?page_id=3"},"modified":"2025-07-08T16:23:08","modified_gmt":"2025-07-08T14:23:08","slug":"mentions-legales","status":"publish","type":"page","link":"https:\/\/iznes.io\/en\/mentions-legales\/","title":{"rendered":"Legal Notices and Privacy Policy"},"content":{"rendered":"<section class=\"wpb-content-wrapper\"><div class=\"vc_row wpb_row vc_row-fluid\"><div class=\"wpb_column vc_column_container vc_col-sm-12\"><div class=\"vc_column-inner\"><div class=\"wpb_wrapper\">\n\t<div class=\"wpb_text_column wpb_content_element\" >\n\t\t<div class=\"wpb_wrapper\">\n\t\t\t<div class=\"boilerWrapper\">\n<div id=\"boiler\" class=\"boiler\">\n<p><strong>Mentions l\u00e9gales et Conditions d\u2019utilisation du Site <\/strong><\/p>\n<p>La poursuite de la navigation sur ce Site vaut acceptation sans r\u00e9serve des conditions g\u00e9n\u00e9rales d\u2019utilisation qui suivent.<\/p>\n<p>La version actuellement en ligne de ces conditions d\u2019utilisation est la seule opposable pendant toute la dur\u00e9e d\u2019utilisation du Site et jusqu\u2019\u00e0 ce qu\u2019une nouvelle version la remplace.<\/p>\n<p><strong>Article 1 \u2013 Mentions\u00a0l\u00e9gales<\/strong><\/p>\n<p><u>1.1\u00a0Site (ci-apr\u00e8s \u00ab\u00a0le Site\u00a0\u00bb)<\/u>\u00a0:<\/p>\n<p>IZNES<\/p>\n<p><u>1.2\u00a0Editeur (ci-apr\u00e8s \u00ab\u00a0l\u2019Editeur\u00a0\u00bb)<\/u>\u00a0:<\/p>\n<p>IZNES\u00a0SAS<\/p>\n<p>dont le si\u00e8ge social est situ\u00e9 : 12, rue de la Bourse &#8211; 75002 Paris &#8211; FRANCE<\/p>\n<p>repr\u00e9sent\u00e9e par\u00a0Jean-Robert Hervy, en sa qualit\u00e9 de\u00a0Directeur G\u00e9n\u00e9ral<\/p>\n<p>immatricul\u00e9e au RCS de\u00a0Paris 832 488 415<\/p>\n<p>Telephone number : +33 (0)1 73 09 54 21<\/p>\n<p>adresse mail : ops@iznes.io<\/p>\n<p><u>1.3\u00a0H\u00e9bergeur (ci-apr\u00e8s \u00ab l\u2019h\u00e9bergeur \u00bb)<\/u>\u00a0:<\/p>\n<p>IZNES\u00a0est h\u00e9berg\u00e9 par\u00a0OVH, dont le si\u00e8ge social est situ\u00e9\u00a02 RUE KELLERMANN\u00a059100 ROUBAIX.<\/p>\n<p><u>1.4 Data Protection Officer (DPO):<\/u><\/p>\n<p>Un d\u00e9l\u00e9gu\u00e9 \u00e0 la protection des donn\u00e9es dont les coordonn\u00e9es sont d\u00e9taill\u00e9es dans la Politique de Confidentialit\u00e9 ci-dessous, est \u00e0 votre disposition pour toute\u00a0question relative \u00e0 la protection de vos donn\u00e9es personnelles.<\/p>\n<p>&nbsp;<\/p>\n<p><strong>Article 2 \u2013\u00a0Acc\u00e8s au Site<\/strong><\/p>\n<p>L\u2019acc\u00e8s au Site et son utilisation sont r\u00e9serv\u00e9s \u00e0 un usage strictement personnel. Vous vous engagez \u00e0 ne pas utiliser ce Site et les informations ou donn\u00e9es qui y figurent \u00e0 des fins commerciales, politiques, publicitaires ou pour toute forme de sollicitation commerciale et notamment l\u2019envoi de courriers \u00e9lectroniques non sollicit\u00e9s.<\/p>\n<p><strong>Article 3 \u2013\u00a0Contenu du Site<\/strong><\/p>\n<p>Toutes les marques, photographies, textes, commentaires, illustrations, images anim\u00e9es ou non, s\u00e9quences vid\u00e9o, sons, ainsi que toutes les applications informatiques qui pourraient \u00eatre utilis\u00e9es pour faire fonctionner ce Site et plus g\u00e9n\u00e9ralement tous les \u00e9l\u00e9ments reproduits ou utilis\u00e9s sur le Site sont prot\u00e9g\u00e9s par les lois en vigueur au titre de la propri\u00e9t\u00e9 intellectuelle.<\/p>\n<p>Ils sont la propri\u00e9t\u00e9 pleine et enti\u00e8re de l\u2019Editeur ou de ses partenaires. Toute reproduction, repr\u00e9sentation, utilisation ou adaptation, sous quelque forme que ce soit, de tout ou partie de ces \u00e9l\u00e9ments, y compris les applications informatiques, sans l\u2019accord pr\u00e9alable et \u00e9crit de l\u2019Editeur, sont strictement interdites. Le fait pour l\u2019Editeur de ne pas engager de proc\u00e9dure d\u00e8s qu\u2019il prend connaissance de ces utilisations non autoris\u00e9es ne saurait en aucun cas \u00eatre interpr\u00e9t\u00e9 ou consid\u00e9r\u00e9 comme une acceptation desdites utilisations et\/ou renonciation aux poursuites.<\/p>\n<p><strong>Article 4 \u2013\u00a0Gestion du Site<\/strong><\/p>\n<p>Pour la bonne gestion du Site, l\u2019Editeur peut \u00e0 tout moment\u00a0:<\/p>\n<p>\u2013\u00a0\u00a0suspendre, interrompre ou limiter l\u2019acc\u00e8s \u00e0 tout ou partie du Site, r\u00e9server l\u2019acc\u00e8s au Site, ou \u00e0 certaines parties du Site, \u00e0 une cat\u00e9gorie d\u00e9termin\u00e9e d\u2019internautes ;<\/p>\n<p>\u2013\u00a0\u00a0supprimer toute information pouvant en perturber le fonctionnement ou entrant en contravention avec les lois nationales ou internationales ;<\/p>\n<p>\u2013\u00a0\u00a0suspendre le Site afin de proc\u00e9der \u00e0 des mises \u00e0 jour.<\/p>\n<p><strong>Article 5 \u2013\u00a0Responsabilit\u00e9s<\/strong><\/p>\n<p>La responsabilit\u00e9 de l\u2019Editeur ne peut \u00eatre engag\u00e9e en cas de d\u00e9faillance, panne, difficult\u00e9 ou interruption de fonctionnement, emp\u00eachant l\u2019acc\u00e8s au Site ou \u00e0 une de ses fonctionnalit\u00e9s.<\/p>\n<p>Le mat\u00e9riel de connexion au Site que vous utilisez est sous votre enti\u00e8re responsabilit\u00e9. Il vous appartient de prendre toutes les mesures appropri\u00e9es pour prot\u00e9ger votre mat\u00e9riel et vos propres donn\u00e9es notamment d\u2019attaques virales par Internet. Vous \u00eates par ailleurs\u00a0seul responsable des Sites et donn\u00e9es que vous consultez.<\/p>\n<p>L\u2019Editeur ne pourra en aucun cas \u00eatre tenu responsable en cas de poursuites judiciaires \u00e0 votre encontre :<\/p>\n<p>\u2013\u00a0\u00a0du fait de l\u2019usage du Site ou de tout service accessible\u00a0via\u00a0Internet\u00a0;<\/p>\n<p>\u2013\u00a0\u00a0du fait du non-respect par vous des pr\u00e9sentes conditions g\u00e9n\u00e9rales.<\/p>\n<p>L\u2019Editeur n\u2019est pas responsable des dommages caus\u00e9s \u00e0 vous-m\u00eame, \u00e0 des tiers et\/ou \u00e0 votre \u00e9quipement du fait de votre connexion ou de votre utilisation du Site et vous renoncez \u00e0 toute action contre lui de ce fait.<\/p>\n<p>Si l\u2019Editeur venait \u00e0 faire l\u2019objet d\u2019une proc\u00e9dure amiable ou judiciaire en\u00a0raison de votre utilisation du Site, il pourra se retourner contre vous pour obtenir l\u2019indemnisation de tous les pr\u00e9judices, sommes, condamnations et frais qui pourraient d\u00e9couler de cette proc\u00e9dure.<\/p>\n<p><strong>Article 6 \u2013\u00a0Liens hypertextes<\/strong><\/p>\n<p>La mise en place par les utilisateurs\u00a0de tous liens hypertextes vers tout ou partie du Site\u00a0est autoris\u00e9e par l\u2019Editeur. Tout lien devra \u00eatre retir\u00e9 sur simple demande de l\u2019Editeur.<\/p>\n<p>Toute information accessible\u00a0via\u00a0un lien vers d\u2019autres Sites n\u2019est pas publi\u00e9e par l\u2019Editeur. L\u2019Editeur ne dispose d\u2019aucun droit sur le contenu pr\u00e9sent dans ledit lien.<\/p>\n<p><strong>Article 7 \u2013 Cookies<\/strong><\/p>\n<p>What is a cookie ?<\/p>\n<p>Un \u00ab\u00a0Cookie\u00a0\u00bb ou traceur est un fichier \u00e9lectronique d\u00e9pos\u00e9 sur un terminal (ordinateur, tablette, smartphone,\u2026) et lu par exemple lors de la consultation d\u2019un Site internet, de la lecture d\u2019un courrier \u00e9lectronique, de l\u2019installation ou de l\u2019utilisation d\u2019un logiciel ou d\u2019une application mobile et ce, quel que soit le type de terminal utilis\u00e9\u00a0(source\u00a0:\u00a0<a href=\"https:\/\/www.cnil.fr\/fr\/cookies-traceurs-que-dit-la-loi\">https:\/\/www.cnil.fr\/fr\/cookies-traceurs-que-dit-la-loi<\/a>).<\/p>\n<p>En naviguant sur le Site, aucun \u00ab cookie \u00bb ne sera d\u00e9pos\u00e9 sur votre terminal.<\/p>\n<p>For more information on the use, management and deletion of \"cookies\", for any type of browser, we invite you to consult the following link:\u00a0<a href=\"https:\/\/www.cnil.fr\/fr\/cookies-les-outils-pour-les-maitriser\">https:\/\/www.cnil.fr\/fr\/cookies-les-outils-pour-les-maitriser<\/a>.<\/p>\n<p><strong>Article 8 \u2013 Photographies et repr\u00e9sentation des produits<\/strong><\/p>\n<p>Les photographies de produits, accompagnant leur description, ne sont pas contractuelles et n\u2019engagent pas l\u2019Editeur.<\/p>\n<p><strong>Article 9 \u2013 Loi applicable<\/strong><\/p>\n<p>Les pr\u00e9sentes conditions d\u2019utilisation du Site sont r\u00e9gies par la loi fran\u00e7aise et soumises \u00e0 la comp\u00e9tence des tribunaux du si\u00e8ge social de l\u2019Editeur, sous r\u00e9serve d\u2019une attribution de comp\u00e9tence sp\u00e9cifique d\u00e9coulant d\u2019un texte de loi ou r\u00e9glementaire particulier.<\/p>\n<p><strong>Article 10 \u2013 Contactez-nous<\/strong><\/p>\n<p>Pour toute question, information sur les produits pr\u00e9sent\u00e9s sur le Site, ou concernant le Site lui-m\u00eame, vous pouvez laisser un message \u00e0 l\u2019adresse suivante\u00a0:\u00a0helpdesk@iznes.io.<\/p>\n<p>&nbsp;<\/p>\n<h3 style=\"color: #333333; font-style: normal; text-align: center;\"><strong>\u00a0<\/strong><\/h3>\n<p><strong>\u00a0<\/strong><\/p>\n<p><strong>Politique de confidentialit\u00e9 <\/strong><\/p>\n<p>La soci\u00e9t\u00e9\u00a0IZNES,\u00a0soucieuse\u00a0de vos donn\u00e9es personnelles, fait de leur protection et de leur s\u00e9curit\u00e9 une de ses priorit\u00e9s. Ainsi IZNES assure le traitement automatis\u00e9 de vos donn\u00e9es personnelles conform\u00e9ment \u00e0 la r\u00e9glementation en vigueur fran\u00e7aise et europ\u00e9enne en particulier le R\u00e8glement G\u00e9n\u00e9ral sur la Protection des Donn\u00e9es (EU) 2016\/679.<\/p>\n<p>En sa qualit\u00e9 de responsable du traitement de vos donn\u00e9es personnelles, nous vous informons notamment sur les types de donn\u00e9es personnelles que nous collectons, les traitements que nous op\u00e9rons et les raisons pour lesquelles nous les r\u00e9alisons, ainsi que vos droits et les contacts et voies de recours mis \u00e0 votre disposition. Cette politique de confidentialit\u00e9 s\u2019applique au traitement de vos donn\u00e9es personnelles lorsque vous visitez ce Site Internet.<\/p>\n<p><u>\u00a0<\/u>Une donn\u00e9e \u00e0 caract\u00e8re personnel d\u00e9signe toute information concernant une personne physique identifi\u00e9e ou identifiable (personne concern\u00e9e). Est r\u00e9put\u00e9e\u00a0\u00ab\u00a0identifiable\u00a0\u00bb une personne qui peut \u00eatre identifi\u00e9e, directement ou indirectement, notamment par r\u00e9f\u00e9rence \u00e0 un nom, un num\u00e9ro d\u2019identification ou \u00e0 un ou plusieurs \u00e9l\u00e9ments sp\u00e9cifiques, propres \u00e0 son identit\u00e9 physique, physiologique, g\u00e9n\u00e9tique, psychique, \u00e9conomique, culturelle ou sociale.<\/p>\n<p><strong>\u00a0<\/strong><\/p>\n<p><strong>Article 1 &#8211; Identification du responsable du traitement et de son d\u00e9l\u00e9gu\u00e9 \u00e0 la protection des donn\u00e9es \u00e0 caract\u00e8re personnel <\/strong><\/p>\n<p>Vos donn\u00e9es personnelles sont collect\u00e9es par la soci\u00e9t\u00e9\u00a0IZNES en qualit\u00e9 de responsable du traitement.<\/p>\n<p><u>IZNES a d\u00e9sign\u00e9 un <\/u>d\u00e9l\u00e9gu\u00e9 \u00e0 la protection des donn\u00e9es. Vous pouvez le contacter en \u00e9crivant \u00e0 : rgpd@iznes.io. Il est \u00e0 votre disposition pour toute\u00a0question relative \u00e0 la protection de vos donn\u00e9es personnelles.<\/p>\n<p>&nbsp;<\/p>\n<p><strong>Article 2 \u2013 Finalit\u00e9s des traitements de vos donn\u00e9es personnelles<\/strong><\/p>\n<p>Vos donn\u00e9es personnelles sont collect\u00e9es par l\u2019Editeur\u00a0:<\/p>\n<ul>\n<li>\u00e0 des fins de prospection commerciale, la proposition d\u2019offres commerciales, la r\u00e9alisation d\u2019animations commerciales et de campagnes publicitaires. La base l\u00e9gale qui justifie ce traitement est votre consentement.<\/li>\n<li>la d\u00e9fense des droits et des int\u00e9r\u00eats d\u2019IZNES. La base l\u00e9gale qui justifie ce traitement est l\u2019int\u00e9r\u00eat l\u00e9gitime d\u2019IZNES de d\u00e9fendre ses droits.<\/li>\n<\/ul>\n<p>&nbsp;<\/p>\n<p><strong>Article 3 \u2013 Les Destinataires de vos donn\u00e9es personnelles<\/strong><\/p>\n<p>Vos donn\u00e9es personnelles sont accessibles qu\u2019aux seules personnes autoris\u00e9es ayant un besoin \u00e0 en conna\u00eetre. Pour les besoins des finalit\u00e9s ci-dessus \u00e9nonc\u00e9s, IZNES communique vos donn\u00e9es uniquement aux destinataires suivants\u00a0au sein d\u2018IZNES:<\/p>\n<ul>\n<li>La Direction ,<\/li>\n<li>Le D\u00e9partement Commercial\u00a0;<\/li>\n<li>Le Responsable du Contr\u00f4le des Services d\u2019Investissement (RCSI)<\/li>\n<li>Le D\u00e9l\u00e9gu\u00e9 \u00e0 la Protection des Donn\u00e9es Personnelles (DPO)<\/li>\n<\/ul>\n<p><strong>\u00a0<\/strong><\/p>\n<p><strong>Article 4 \u2013 Politique de conservation de vos donn\u00e9es personnelles<\/strong><\/p>\n<p>Les donn\u00e9es personnelles collect\u00e9es et trait\u00e9es conform\u00e9ment aux finalit\u00e9s ci-dessus pourront \u00eatre conserv\u00e9es pour une dur\u00e9e maximale de trois ans \u00e0 compter de la prise en compte du dernier contact. Il est pr\u00e9cis\u00e9 que les donn\u00e9es pourront \u00eatre conserv\u00e9es pour une dur\u00e9e suppl\u00e9mentaire si la d\u00e9fense d\u2019un droit ou d\u2019un int\u00e9r\u00eat l\u2019exige.<\/p>\n<p><strong>\u00a0<\/strong><\/p>\n<p><strong>Article 5 \u2013 Vos droits concernant vos donn\u00e9es personnelles <\/strong><\/p>\n<p>En application de la r\u00e9glementation relative aux donn\u00e9es \u00e0 caract\u00e8re personnel, les utilisateurs disposent des droits suivants\u00a0:<\/p>\n<ul>\n<li><strong>le droit d\u2019acc\u00e8s<\/strong>\u00a0: les utilisateurs peuvent exercer leur droit d\u2019acc\u00e8s, pour conna\u00eetre les donn\u00e9es personnelles collect\u00e9es ou trait\u00e9es les concernant\u00a0;<\/li>\n<li><strong>le droit de rectification<\/strong>\u00a0: les utilisateurs peuvent demander la rectification des informations en cas d\u2019inexactitude ou d\u2019incompl\u00e9tude des donn\u00e9es personnelles les concernant\u00a0;<\/li>\n<li><strong>le droit de suppression des donn\u00e9es<\/strong>\u00a0: les utilisateurs peuvent demander la suppression des donn\u00e9es \u00e0 caract\u00e8re personnel les concernant;<\/li>\n<li><strong>le droit \u00e0 la limitation du traitement<\/strong>\u00a0: les utilisateurs peuvent de demander \u00e0 l\u2019Editeur que certaines donn\u00e9es personnelles les concernant ne fassent plus l\u2019objet d\u2019un traitement ou que l\u2019usage qui en est fait soit limit\u00e9 ;<\/li>\n<li><strong>le droit d\u2019opposition<\/strong>\u00a0: les utilisateurs peuvent s\u2019opposer au traitement de donn\u00e9es personnelles les concernant ;<\/li>\n<li><strong>le droit \u00e0 la portabilit\u00e9<\/strong> : les utilisateurs peuvent r\u00e9clamer que l\u2019Editeur leur restitue les donn\u00e9es personnelles les concernant \u00a0;<strong>le consentement pour l\u2019usage des donn\u00e9es personnelles \u00e0 des fins commerciales\u00a0: <\/strong>les utilisateurs peuvent accepter ou refuser, \u00e0 tout moment, que l\u2019Editeur traite certaines de leurs donn\u00e9es personnelles dans le cadre des offres et services que l\u2019Editeur pourrait leur proposer. Vous pouvez exercer les droits ci-dessus en nous contactant par courrier, \u00e0 l\u2019adresse postale suivante\u00a0:<\/li>\n<\/ul>\n<p>IZNES SAS &#8211; 12 rue de la Bourse, 75002 Paris<\/p>\n<p>Ou par courrier \u00e9lectronique, \u00e0 l\u2019adresse\u00a0:<\/p>\n<p>ops@iznes.io<\/p>\n<p>Vous pouvez \u00e9galement vous adresser \u00e0 notre\u00a0d\u00e9l\u00e9gu\u00e9 \u00e0 la protection des donn\u00e9es en \u00e9crivant \u00e0 rgpd@iznes.io, qui est \u00e0 votre disposition pour toute\u00a0question relative \u00e0 la protection de vos donn\u00e9es personnelles.<\/p>\n<p>&nbsp;<\/p>\n<p>Pour toute demande IZNES doit v\u00e9rifier votre identit\u00e9. En cas de doute ne pouvant pas \u00eatre lev\u00e9 \u00e0 l\u2019aide d\u2019autres moyens permettant de vous identifier, IZNES pourrait vous demander une copie d\u2019un titre d\u2019identit\u00e9 en cours de validit\u00e9 sign\u00e9. La r\u00e9ponse \u00e0 votre demande vous sera adress\u00e9e dans le mois suivant la r\u00e9ception de la demande. Ce\u00a0d\u00e9lai d\u2019un mois peut \u00eatre prolong\u00e9 de deux mois si la complexit\u00e9 de la demande et\/ou le nombre de demandes l\u2019exigent.<\/p>\n<p>In addition, and since Law No. 2016-1321 of October 7, 2016, people who so wish have the possibility of organizing the fate of their data after their death. For more information on the subject, you can consult the CNIL website: https:\/\/www.cnil.fr\/.<\/p>\n<p>Les Utilisateurs peuvent aussi introduire une r\u00e9clamation aupr\u00e8s de la CNIL sur le Site de la CNIL\u00a0:\u00a0<a href=\"https:\/\/www.cnil.fr\/\">https:\/\/www.cnil.fr<\/a>.<\/p>\n<p><strong>\u00a0<\/strong><\/p>\n<p><strong>Article 11- Partage des donn\u00e9es personnelles avec des tiers et transfert hors Union Europ\u00e9enne<\/strong><\/p>\n<p>Les donn\u00e9es personnelles des Utilisateurs ne sont pas partag\u00e9es avec des tiers.<\/p>\n<p>&nbsp;<\/p>\n<p>&nbsp;<\/p>\n<\/div>\n<\/div>\n\n\t\t<\/div>\n\t<\/div>\n<\/div><\/div><\/div><\/div>\n<\/section>","protected":false},"excerpt":{"rendered":"Mentions l\u00e9gales et Conditions d\u2019utilisation du Site La poursuite de la navigation sur ce Site vaut acceptation sans r\u00e9serve des conditions g\u00e9n\u00e9rales d\u2019utilisation qui suivent. La version actuellement en ligne de ces conditions d\u2019utilisation est la seule opposable pendant toute la dur\u00e9e d\u2019utilisation du Site et jusqu\u2019\u00e0 ce qu\u2019une nouvelle version la remplace. Article 1","protected":false},"author":2,"featured_media":0,"parent":0,"menu_order":0,"comment_status":"closed","ping_status":"open","template":"","meta":{"footnotes":""},"class_list":["post-3","page","type-page","status-publish","hentry"],"_links":{"self":[{"href":"https:\/\/iznes.io\/en\/wp-json\/wp\/v2\/pages\/3","targetHints":{"allow":["GET"]}}],"collection":[{"href":"https:\/\/iznes.io\/en\/wp-json\/wp\/v2\/pages"}],"about":[{"href":"https:\/\/iznes.io\/en\/wp-json\/wp\/v2\/types\/page"}],"author":[{"embeddable":true,"href":"https:\/\/iznes.io\/en\/wp-json\/wp\/v2\/users\/2"}],"replies":[{"embeddable":true,"href":"https:\/\/iznes.io\/en\/wp-json\/wp\/v2\/comments?post=3"}],"version-history":[{"count":5,"href":"https:\/\/iznes.io\/en\/wp-json\/wp\/v2\/pages\/3\/revisions"}],"predecessor-version":[{"id":9564,"href":"https:\/\/iznes.io\/en\/wp-json\/wp\/v2\/pages\/3\/revisions\/9564"}],"wp:attachment":[{"href":"https:\/\/iznes.io\/en\/wp-json\/wp\/v2\/media?parent=3"}],"curies":[{"name":"wp","href":"https:\/\/api.w.org\/{rel}","templated":true}]}}