{"id":408,"date":"2016-01-07T09:31:53","date_gmt":"2016-01-07T07:31:53","guid":{"rendered":"http:\/\/consulting.stylemixthemes.com\/?page_id=408"},"modified":"2025-07-10T14:47:25","modified_gmt":"2025-07-10T12:47:25","slug":"careers","status":"publish","type":"page","link":"https:\/\/iznes.io\/en\/actualite\/careers\/","title":{"rendered":"Careers"},"content":{"rendered":"<section class=\"wpb-content-wrapper\"><div class=\"vc_row wpb_row vc_row-fluid vc_custom_1459506339266\"><div class=\"wpb_column vc_column_container vc_col-sm-9\"><div class=\"vc_column-inner\"><div class=\"wpb_wrapper\">\n\t<div class=\"wpb_text_column wpb_content_element  vc_custom_1598823369215\" >\n\t\t<div class=\"wpb_wrapper\">\n\t\t\t<h2>Careers<\/h2>\n<p>IZNES has developed and operates a web platform for the subscription and redemption of fund units.<\/p>\n<p>The implementation of the architecture of the different environments (development, test, integration and production) within Cloud providers and the developments were carried out by an external service provider.<\/p>\n<p>In this context, IZNES is looking for candidates in the fields of operations, product, IT development, cloud infrastructure and business development.<\/p>\n\n\t\t<\/div>\n\t<\/div>\n<div class=\"vc_custom_heading no_stripe vc_custom_1601563427698 text_align_left\" ><h4 style=\"color: #222222;text-align: left\" class=\"consulting-custom-title\">Join us:<\/h4><\/div>\n    <div class=\"vacancy_table_wr style_1\">\n\n        \n            <table class=\"vacancy_table\" id=\"vacancy_table_553693384\">\n                <thead>\n                <tr>\n                    <th>Job Posting Title<\/th>\n                    <th class=\"location\">Location<\/th>\n                    <th>Department<\/th>\n                    <th>Date<\/th>\n                <\/tr>\n                <\/thead>\n                <tbody>\n\n                                    <tr>\n                        <td><a href=\"https:\/\/iznes.io\/en\/careers_archive\/devops-senior-paris\/\">Devops\/Ing\u00e9nieur Syst\u00e8mes<\/a><\/td>\n                        <td class=\"location\">Paris, Barcelone<\/td>\n                        <td>Infrastructure Cloud<\/td>\n                        <td>December 13, 2022<\/td>\n                    <\/tr>\n                                    <tr>\n                        <td><a href=\"https:\/\/iznes.io\/en\/careers_archive\/ingenieur-systemes-devops-junior\/\">D\u00e9veloppeur Analyste<\/a><\/td>\n                        <td class=\"location\">Paris, Barcelone<\/td>\n                        <td>D\u00e9veloppement<\/td>\n                        <td>December 13, 2022<\/td>\n                    <\/tr>\n                \n                <\/tbody>\n            <\/table>\n\n        \n        <script type=\"text\/javascript\">\n            jQuery(document).ready(function ($) {\n                $(\"#vacancy_table_553693384\").tablesorter();\n            });\n        <\/script>\n    <\/div>\n<\/div><\/div><\/div><div class=\"wpb_column vc_column_container vc_col-sm-3\"><div class=\"vc_column-inner\"><div class=\"wpb_wrapper\">\n<div class=\"stm_sidebar\">\n\n            <style type=\"text\/css\" scoped>\n            .vc_custom_1451998133493{margin-bottom: 30px !important;}.vc_custom_1452056597103{margin-right: 0px !important;margin-bottom: 30px !important;margin-left: 0px !important;}.vc_custom_1452056633692{padding-top: 37px !important;padding-right: 30px !important;padding-bottom: 40px !important;padding-left: 30px !important;}.vc_custom_1598820068122{margin-bottom: 9px !important;}.vc_custom_1598820007828{margin-bottom: 17px !important;}        <\/style>\n        <section class=\"wpb-content-wrapper\"><div class=\"vc_row wpb_row vc_row-fluid\"><div class=\"wpb_column vc_column_container vc_col-sm-12\"><div class=\"vc_column-inner\"><div class=\"wpb_wrapper\"><div class=\"vc_wp_custommenu wpb_content_element mb-30\"><\/div><\/div><\/div><\/div><\/div><div class=\"vc_row wpb_row vc_row-fluid vc_custom_1451998133493\"><div class=\"wpb_column vc_column_container vc_col-sm-12\"><div class=\"vc_column-inner\"><div class=\"wpb_wrapper\"><div class=\"vc_wp_search wpb_content_element\"><aside class=\"widget widget_search\"><form method=\"get\" class=\"search-form\" action=\"https:\/\/iznes.io\/en\/\" data-trp-original-action=\"https:\/\/iznes.io\/en\/\">\n\t<input type=\"search\" class=\"form-control\" placeholder=\"Search...\" value=\"\" name=\"s\" \/>\n\t<button type=\"submit\"><i class=\"fa fa-search\"><\/i><\/button>\n<input type=\"hidden\" name=\"trp-form-language\" value=\"en\"\/><\/form><\/aside><\/div><\/div><\/div><\/div><\/div><div class=\"vc_row wpb_row vc_row-fluid third_bg_color vc_custom_1452056597103\"><div class=\"wpb_column vc_column_container vc_col-sm-12\"><div class=\"vc_column-inner vc_custom_1452056633692\"><div class=\"wpb_wrapper\"><div class=\"vc_custom_heading vc_custom_1598820068122 text_align_left\" ><div style=\"font-size: 16px;color: #222222;text-align: left;font-family:Poppins;font-weight:600;font-style:normal\" class=\"consulting-custom-title\">How can we help you?<\/div><\/div>\n\t<div class=\"wpb_text_column wpb_content_element  vc_custom_1598820007828\" >\n\t\t<div class=\"wpb_wrapper\">\n\t\t\t<p>Contact us at the nearest IZNES office or submit a business inquiry online.<\/p>\n\n\t\t<\/div>\n\t<\/div>\n<div class=\"vc_btn3-container vc_btn3-inline\" ><a class=\"vc_general vc_btn3 vc_btn3-size-sm vc_btn3-shape-rounded vc_btn3-style-flat vc_btn3-icon-left vc_btn3-color-white\" href=\"https:\/\/website.iznes.io\/contact-us\/\" title=\"Contact us\"><i class=\"vc_btn3-icon\"><\/i> Contact<\/a><\/div><\/div><\/div><\/div><\/div>\n<\/section>    \n<\/div><\/div><\/div><\/div><\/div><div data-vc-full-width=\"true\" data-vc-full-width-init=\"false\" class=\"vc_row wpb_row vc_row-fluid third_bg_color vc_custom_1459505959648\"><div class=\"wpb_column vc_column_container vc_col-sm-12\"><div class=\"vc_column-inner\"><div class=\"wpb_wrapper\">    \n    <div id=\"particles_69f461925057d\"><\/div>\n\n    <style>\n        #particles_69f461925057d {\n            position: absolute;\n            top: 0;\n            left: 0;\n            right: 0;\n            bottom: 0;\n        }\n        .vc_cta3_content-container {\n            position: relative;\n        }\n    <\/style>\n\n    <script type=\"text\/javascript\">\n        jQuery(document).ready(function ($) {\n            var screenWidth = $(window).width();\n            if(screenWidth < 1140) {\n                var defaultWidth = screenWidth;\n            } else {\n                var defaultWidth = 1140;\n            }\n            var marginLeft = (screenWidth - defaultWidth) \/ 2;\n\n            $('#particles_69f461925057d').css({\n                'width': screenWidth + 'px',\n                'margin-left': '-' + marginLeft + 'px'\n            });\n\n            particlesJS('particles_69f461925057d',\n\n                {\n                    \"particles\": {\n                        \"number\": {\n                            \"value\": 120,\n                            \"density\": {\n                                \"enable\": true,\n                                \"value_area\": 800\n                            }\n                        },\n                        \"color\": {\n                            \"value\": \"#ffffff\"\n                        },\n                        \"opacity\": {\n                            \"value\": 0.5,\n                            \"random\": false,\n                            \"anim\": {\n                                \"enable\": false,\n                                \"speed\": 1,\n                                \"opacity_min\": 0.1,\n                                \"sync\": false\n                            }\n                        },\n                        \"size\": {\n                            \"value\": 8,\n                            \"random\": true,\n                            \"anim\": {\n                                \"enable\": false,\n                                \"speed\": 40,\n                                \"size_min\": 0.1,\n                                \"sync\": false\n                            }\n                        },\n                        \"line_linked\": {\n                            \"enable\": true,\n                            \"distance\": 150,\n                            \"color\": \"#ffffff\",\n                            \"opacity\": 0.4,\n                            \"width\": 1\n                        },\n                        \"move\": {\n                            \"enable\": true,\n                            \"speed\": 6,\n                            \"direction\": \"none\",\n                            \"random\": false,\n                            \"straight\": false,\n                            \"out_mode\": \"out\",\n                            \"attract\": {\n                                \"enable\": false,\n                                \"rotateX\": 600,\n                                \"rotateY\": 1200\n                            }\n                        }\n                    },\n                    \"interactivity\": {\n                        \"detect_on\": \"canvas\",\n                        \"events\": {\n                            \"onhover\": {\n                                \"enable\": true,\n                                \"mode\": \"grab\"\n                            },\n                            \"onclick\": {\n                                \"enable\": true,\n                                \"mode\": \"push\"\n                            },\n                            \"resize\": true\n                        }\n                    },\n                    \"retina_detect\": true\n                }\n\n            );\n        });\n    <\/script>\n\n<section class=\"vc_cta3-container\" >\n    <div class=\"vc_general vc_cta3 third_bg_color vc_cta3-style-flat vc_cta3-shape-square vc_cta3-align-left vc_cta3-color-classic vc_cta3-icon-size-md vc_cta3-actions-right vc_custom_1604941343536 style=\"\"\">\n                        <div class=\"vc_cta3_content-container\">\n                                    <div class=\"vc_cta3-content\">\n                <header class=\"vc_cta3-content-header\">\n                    <div class=\"vc_custom_heading\" ><h2 style=\"font-size: 20px;color: #ffffff;line-height: 24px\" class=\"consulting-custom-title\">DLT platform for subscriptions and redemptions of UCI units<\/h2><\/div>                                    <\/header>\n                            <\/div>\n                        <div class=\"vc_cta3-actions\"><div class=\"vc_btn3-container vc_btn3-right\" ><a class=\"vc_general vc_btn3 vc_btn3-size-md vc_btn3-shape-rounded vc_btn3-style-flat vc_btn3-icon-right vc_btn3-color-theme_style_2\" href=\"https:\/\/website.iznes.io\/la-plateforme-iznes\/\" title=\"The IZNES Platform\" target=\"_blank\">discover <i class=\"vc_btn3-icon stm-online-address\"><\/i><\/a><\/div><\/div>        <\/div>\n                    <\/div>\n<\/section><\/div><\/div><\/div><\/div><div class=\"vc_row-full-width vc_clearfix\"><\/div>\n<\/section>","protected":false},"excerpt":{"rendered":"D\u00e9veloppeur Analyste IZNES recherche un D\u00e9veloppeur Analyste pour son bureau \u00e0 Barcelone, exp\u00e9riment\u00e9 en d\u00e9veloppements Angular, Node.js, JavaScript et MySQL (H\/F) IZNES a d\u00e9velopp\u00e9 et op\u00e8re une plateforme Web de souscription et rachats de parts de fonds. La mise en place de l\u2019architecture des diff\u00e9rents environnements (d\u00e9veloppement, test, int\u00e9gration et production) au sein de Cloud","protected":false},"author":2,"featured_media":0,"parent":6480,"menu_order":3,"comment_status":"closed","ping_status":"closed","template":"","meta":{"footnotes":""},"class_list":["post-408","page","type-page","status-publish","hentry"],"_links":{"self":[{"href":"https:\/\/iznes.io\/en\/wp-json\/wp\/v2\/pages\/408","targetHints":{"allow":["GET"]}}],"collection":[{"href":"https:\/\/iznes.io\/en\/wp-json\/wp\/v2\/pages"}],"about":[{"href":"https:\/\/iznes.io\/en\/wp-json\/wp\/v2\/types\/page"}],"author":[{"embeddable":true,"href":"https:\/\/iznes.io\/en\/wp-json\/wp\/v2\/users\/2"}],"replies":[{"embeddable":true,"href":"https:\/\/iznes.io\/en\/wp-json\/wp\/v2\/comments?post=408"}],"version-history":[{"count":5,"href":"https:\/\/iznes.io\/en\/wp-json\/wp\/v2\/pages\/408\/revisions"}],"predecessor-version":[{"id":9576,"href":"https:\/\/iznes.io\/en\/wp-json\/wp\/v2\/pages\/408\/revisions\/9576"}],"up":[{"embeddable":true,"href":"https:\/\/iznes.io\/en\/wp-json\/wp\/v2\/pages\/6480"}],"wp:attachment":[{"href":"https:\/\/iznes.io\/en\/wp-json\/wp\/v2\/media?parent=408"}],"curies":[{"name":"wp","href":"https:\/\/api.w.org\/{rel}","templated":true}]}}