{"id":7223,"date":"2020-08-31T12:49:34","date_gmt":"2020-08-31T10:49:34","guid":{"rendered":"https:\/\/website.iznes.io\/?page_id=7223"},"modified":"2025-02-24T12:31:13","modified_gmt":"2025-02-24T10:31:13","slug":"communaute","status":"publish","type":"page","link":"https:\/\/iznes.io\/en\/communaute\/","title":{"rendered":"L&#8217;\u00e9cosyst\u00e8me"},"content":{"rendered":"<section class=\"wpb-content-wrapper\"><div class=\"vc_row wpb_row vc_row-fluid vc_custom_1451991003825\"><div class=\"wpb_column vc_column_container vc_col-sm-12 vc_col-lg-9 vc_col-md-9\"><div class=\"vc_column-inner\"><div class=\"wpb_wrapper\">\n\t<div class=\"wpb_text_column wpb_content_element  vc_custom_1740392946926\" >\n\t\t<div class=\"wpb_wrapper\">\n\t\t\t<h2>Our shareholders<\/h2>\n\n\t\t<\/div>\n\t<\/div>\n\n\t<div  class=\"wpb_single_image wpb_content_element vc_align_center  wpb_animate_when_almost_visible wpb_zoomIn zoomIn\">\n\t\t\n\t\t<figure class=\"wpb_wrapper vc_figure\">\n\t\t\t<div class=\"vc_single_image-wrapper   vc_box_border_grey\"><img fetchpriority=\"high\" decoding=\"async\" width=\"1308\" height=\"1024\" src=\"https:\/\/iznes.io\/wp-content\/uploads\/2025\/02\/Sans-titre-4-Recupere.png\" class=\"vc_single_image-img attachment-full\" alt=\"\" title=\"Sans-titre---4-[Re\u0301cupe\u0301re\u0301]\" srcset=\"https:\/\/iznes.io\/wp-content\/uploads\/2025\/02\/Sans-titre-4-Recupere.png 1308w, https:\/\/iznes.io\/wp-content\/uploads\/2025\/02\/Sans-titre-4-Recupere-300x235.png 300w, https:\/\/iznes.io\/wp-content\/uploads\/2025\/02\/Sans-titre-4-Recupere-1024x802.png 1024w, https:\/\/iznes.io\/wp-content\/uploads\/2025\/02\/Sans-titre-4-Recupere-768x601.png 768w, https:\/\/iznes.io\/wp-content\/uploads\/2025\/02\/Sans-titre-4-Recupere-15x12.png 15w\" sizes=\"(max-width: 1308px) 100vw, 1308px\" \/><\/div>\n\t\t<\/figure>\n\t<\/div>\n<div class=\"vc_empty_space\"   style=\"height: 32px\"><span class=\"vc_empty_space_inner\"><\/span><\/div>\n\t<div class=\"wpb_text_column wpb_content_element  vc_custom_1740151481509\" >\n\t\t<div class=\"wpb_wrapper\">\n\t\t\t<h2>Our ecosystem<\/h2>\n\n\t\t<\/div>\n\t<\/div>\n<div class=\"vc_row wpb_row vc_inner vc_row-fluid vc_custom_1455886051719\"><div class=\"wpb_column vc_column_container vc_col-sm-6\"><div class=\"vc_column-inner\"><div class=\"wpb_wrapper\">\n\n                        <div onclick=\"return true\" class=\"icon_box  hexagon hexanog_animation style_1 icon_left clearfix\">\n                            <div class=\"icon  font-color_default font-color_base_bg\" style=\"width:78px\">\n                <i style=\"font-size:15px;  \"\n                   class=\"stm-online-work\"><\/i><\/div>\n                <div class=\"icon_text\">\n                            <h5  class=\"font-color_base no_stripe\">Asset Management Companies<\/h5>\n                        <p>IZNES was designed by Asset Management Companies for Asset Management Companies and their investor clients.<\/p>\n        <\/div>\n                    <\/div>\n            \n<\/div><\/div><\/div><div class=\"wpb_column vc_column_container vc_col-sm-6\"><div class=\"vc_column-inner\"><div class=\"wpb_wrapper\">\n\n                        <div onclick=\"return true\" class=\"icon_box  hexagon hexanog_animation style_1 icon_left clearfix\">\n                            <div class=\"icon  font-color_default font-color_base_bg\" style=\"width:78px\">\n                <i style=\"font-size:22px;  \"\n                   class=\"stm-graph\"><\/i><\/div>\n                <div class=\"icon_text\">\n                            <h5  class=\"font-color_base no_stripe\">Institutional Investors<\/h5>\n                        <p>IZNES offers an economical, totally digital solution that simplifies the investment journey for its Institutional Investors.<\/p>\n        <\/div>\n                    <\/div>\n            \n<\/div><\/div><\/div><\/div><div class=\"vc_row wpb_row vc_inner vc_row-fluid vc_custom_1455886085190\"><div class=\"wpb_column vc_column_container vc_col-sm-6\"><div class=\"vc_column-inner\"><div class=\"wpb_wrapper\">\n\n                        <div onclick=\"return true\" class=\"icon_box  hexagon hexanog_animation style_1 icon_left clearfix\">\n                            <div class=\"icon  font-color_default font-color_base_bg\" style=\"width:78px\">\n                <i style=\"font-size:21px;  \"\n                   class=\"stm-glob-workers\"><\/i><\/div>\n                <div class=\"icon_text\">\n                            <h5  class=\"font-color_base no_stripe\">Life Insurance Companies<\/h5>\n                        <p>Life insurers have identified the financial and operational advantages of IZNES, in particular for their unit-linked investment.<\/p>\n        <\/div>\n                    <\/div>\n            \n<\/div><\/div><\/div><div class=\"wpb_column vc_column_container vc_col-sm-6\"><div class=\"vc_column-inner\"><div class=\"wpb_wrapper\">\n\n                        <div onclick=\"return true\" class=\"icon_box  hexagon hexanog_animation style_1 icon_left clearfix\">\n                            <div class=\"icon  font-color_default font-color_base_bg\" style=\"width:78px\">\n                <i style=\"font-size:23px;  \"\n                   class=\"stm-online-analytics\"><\/i><\/div>\n                <div class=\"icon_text\">\n                            <h5  class=\"font-color_base no_stripe\">Financial Services Consultants<\/h5>\n                        <p>Consultants show a keen interest in IZNES, which combines digital experience and financial savings.<\/p>\n        <\/div>\n                    <\/div>\n            \n<\/div><\/div><\/div><\/div><div class=\"vc_row wpb_row vc_inner vc_row-fluid\"><div class=\"wpb_column vc_column_container vc_col-sm-6\"><div class=\"vc_column-inner\"><div class=\"wpb_wrapper\">\n\n                        <div onclick=\"return true\" class=\"icon_box  hexagon hexanog_animation style_1 icon_left clearfix\">\n                            <div class=\"icon  font-color_default font-color_base_bg\" style=\"width:78px\">\n                <i style=\"font-size:27px;  \"\n                   class=\"stm-glob-building\"><\/i><\/div>\n                <div class=\"icon_text\">\n                            <h5  class=\"font-color_base no_stripe\">Commercial Banks<\/h5>\n                        <p>We work closely with the banks to automate the processes.<\/p>\n        <\/div>\n                    <\/div>\n            \n<\/div><\/div><\/div><div class=\"wpb_column vc_column_container vc_col-sm-6\"><div class=\"vc_column-inner\"><div class=\"wpb_wrapper\">\n\n                        <div onclick=\"return true\" class=\"icon_box  hexagon hexanog_animation style_1 icon_left clearfix\">\n                            <div class=\"icon  font-color_default font-color_base_bg\" style=\"width:78px\">\n                <i style=\"font-size:19px;  \"\n                   class=\"fas fa-id-card\"><\/i><\/div>\n                <div class=\"icon_text\">\n                            <h5  class=\"font-color_base no_stripe\">FinTech Integrators<\/h5>\n                        <p>IZNES is integrated into the information systems of its customers and dialogues easily with their various components: PMS, product repository, CRM ...<\/p>\n        <\/div>\n                    <\/div>\n            \n<\/div><\/div><\/div><\/div><\/div><\/div><\/div><div class=\"wpb_column vc_column_container vc_col-sm-12 vc_col-lg-3 vc_col-md-3 vc_hidden-sm vc_hidden-xs\"><div class=\"vc_column-inner\"><div class=\"wpb_wrapper\">\n<div class=\"stm_sidebar\">\n\n            <style type=\"text\/css\" scoped>\n            .vc_custom_1451998133493{margin-bottom: 30px !important;}.vc_custom_1452056597103{margin-right: 0px !important;margin-bottom: 30px !important;margin-left: 0px !important;}.vc_custom_1452056633692{padding-top: 37px !important;padding-right: 30px !important;padding-bottom: 40px !important;padding-left: 30px !important;}.vc_custom_1598820068122{margin-bottom: 9px !important;}.vc_custom_1598820007828{margin-bottom: 17px !important;}        <\/style>\n        <section class=\"wpb-content-wrapper\"><div class=\"vc_row wpb_row vc_row-fluid\"><div class=\"wpb_column vc_column_container vc_col-sm-12\"><div class=\"vc_column-inner\"><div class=\"wpb_wrapper\"><div class=\"vc_wp_custommenu wpb_content_element mb-30\"><\/div><\/div><\/div><\/div><\/div><div class=\"vc_row wpb_row vc_row-fluid vc_custom_1451998133493\"><div class=\"wpb_column vc_column_container vc_col-sm-12\"><div class=\"vc_column-inner\"><div class=\"wpb_wrapper\"><div class=\"vc_wp_search wpb_content_element\"><aside class=\"widget widget_search\"><form method=\"get\" class=\"search-form\" action=\"https:\/\/iznes.io\/en\/\" data-trp-original-action=\"https:\/\/iznes.io\/en\/\">\n\t<input type=\"search\" class=\"form-control\" placeholder=\"Search...\" value=\"\" name=\"s\" \/>\n\t<button type=\"submit\"><i class=\"fa fa-search\"><\/i><\/button>\n<input type=\"hidden\" name=\"trp-form-language\" value=\"en\"\/><\/form><\/aside><\/div><\/div><\/div><\/div><\/div><div class=\"vc_row wpb_row vc_row-fluid third_bg_color vc_custom_1452056597103\"><div class=\"wpb_column vc_column_container vc_col-sm-12\"><div class=\"vc_column-inner vc_custom_1452056633692\"><div class=\"wpb_wrapper\"><div class=\"vc_custom_heading vc_custom_1598820068122 text_align_left\" ><div style=\"font-size: 16px;color: #222222;text-align: left;font-family:Poppins;font-weight:600;font-style:normal\" class=\"consulting-custom-title\">How can we help you?<\/div><\/div>\n\t<div class=\"wpb_text_column wpb_content_element  vc_custom_1598820007828\" >\n\t\t<div class=\"wpb_wrapper\">\n\t\t\t<p>Contact us at the nearest IZNES office or submit a business inquiry online.<\/p>\n\n\t\t<\/div>\n\t<\/div>\n<div class=\"vc_btn3-container vc_btn3-inline\" ><a class=\"vc_general vc_btn3 vc_btn3-size-sm vc_btn3-shape-rounded vc_btn3-style-flat vc_btn3-icon-left vc_btn3-color-white\" href=\"https:\/\/website.iznes.io\/contact-us\/\" title=\"Contact us\"><i class=\"vc_btn3-icon\"><\/i> Contact<\/a><\/div><\/div><\/div><\/div><\/div>\n<\/section>    \n<\/div><\/div><\/div><\/div><div class=\"wpb_column vc_column_container vc_col-sm-12\"><div class=\"vc_column-inner\"><div class=\"wpb_wrapper\"><\/div><\/div><\/div><\/div><div data-vc-full-width=\"true\" data-vc-full-width-init=\"false\" class=\"vc_row wpb_row vc_row-fluid third_bg_color vc_custom_1451889219674\"><div class=\"wpb_column vc_column_container vc_col-sm-12\"><div class=\"vc_column-inner\"><div class=\"wpb_wrapper\">    \n    <div id=\"particles_69e2fb7d13aa4\"><\/div>\n\n    <style>\n        #particles_69e2fb7d13aa4 {\n            position: absolute;\n            top: 0;\n            left: 0;\n            right: 0;\n            bottom: 0;\n        }\n        .vc_cta3_content-container {\n            position: relative;\n        }\n    <\/style>\n\n    <script type=\"text\/javascript\">\n        jQuery(document).ready(function ($) {\n            var screenWidth = $(window).width();\n            if(screenWidth < 1140) {\n                var defaultWidth = screenWidth;\n            } else {\n                var defaultWidth = 1140;\n            }\n            var marginLeft = (screenWidth - defaultWidth) \/ 2;\n\n            $('#particles_69e2fb7d13aa4').css({\n                'width': screenWidth + 'px',\n                'margin-left': '-' + marginLeft + 'px'\n            });\n\n            particlesJS('particles_69e2fb7d13aa4',\n\n                {\n                    \"particles\": {\n                        \"number\": {\n                            \"value\": 120,\n                            \"density\": {\n                                \"enable\": true,\n                                \"value_area\": 800\n                            }\n                        },\n                        \"color\": {\n                            \"value\": \"#ffffff\"\n                        },\n                        \"opacity\": {\n                            \"value\": 0.5,\n                            \"random\": false,\n                            \"anim\": {\n                                \"enable\": false,\n                                \"speed\": 1,\n                                \"opacity_min\": 0.1,\n                                \"sync\": false\n                            }\n                        },\n                        \"size\": {\n                            \"value\": 8,\n                            \"random\": true,\n                            \"anim\": {\n                                \"enable\": false,\n                                \"speed\": 40,\n                                \"size_min\": 0.1,\n                                \"sync\": false\n                            }\n                        },\n                        \"line_linked\": {\n                            \"enable\": true,\n                            \"distance\": 150,\n                            \"color\": \"#ffffff\",\n                            \"opacity\": 0.4,\n                            \"width\": 1\n                        },\n                        \"move\": {\n                            \"enable\": true,\n                            \"speed\": 6,\n                            \"direction\": \"none\",\n                            \"random\": false,\n                            \"straight\": false,\n                            \"out_mode\": \"out\",\n                            \"attract\": {\n                                \"enable\": false,\n                                \"rotateX\": 600,\n                                \"rotateY\": 1200\n                            }\n                        }\n                    },\n                    \"interactivity\": {\n                        \"detect_on\": \"canvas\",\n                        \"events\": {\n                            \"onhover\": {\n                                \"enable\": true,\n                                \"mode\": \"grab\"\n                            },\n                            \"onclick\": {\n                                \"enable\": true,\n                                \"mode\": \"push\"\n                            },\n                            \"resize\": true\n                        }\n                    },\n                    \"retina_detect\": true\n                }\n\n            );\n        });\n    <\/script>\n\n<section class=\"vc_cta3-container\" >\n    <div class=\"vc_general vc_cta3 third_bg_color vc_cta3-style-flat vc_cta3-shape-square vc_cta3-align-left vc_cta3-color-classic vc_cta3-icon-size-md vc_cta3-actions-right vc_custom_1604941420462 style=\"\"\">\n                        <div class=\"vc_cta3_content-container\">\n                                    <div class=\"vc_cta3-content\">\n                <header class=\"vc_cta3-content-header\">\n                    <div class=\"vc_custom_heading\" ><h2 style=\"font-size: 20px;color: #ffffff;line-height: 24px\" class=\"consulting-custom-title\">DLT platform for subscriptions and redemptions of UCI units<\/h2><\/div>                                    <\/header>\n                            <\/div>\n                        <div class=\"vc_cta3-actions\"><div class=\"vc_btn3-container vc_btn3-right\" ><a class=\"vc_general vc_btn3 vc_btn3-size-md vc_btn3-shape-rounded vc_btn3-style-flat vc_btn3-icon-right vc_btn3-color-theme_style_2\" href=\"https:\/\/website.iznes.io\/la-plateforme-iznes\/\" title=\"The IZNES Platform\" target=\"_blank\">discover <i class=\"vc_btn3-icon stm-online-address\"><\/i><\/a><\/div><\/div>        <\/div>\n                    <\/div>\n<\/section><\/div><\/div><\/div><\/div><div class=\"vc_row-full-width vc_clearfix\"><\/div>\n<\/section>","protected":false},"excerpt":{"rendered":"Nos actionnaires Notre \u00e9cosyst\u00e8me Soci\u00e9t\u00e9s de Gestion IZNES a \u00e9t\u00e9 con\u00e7u par des Soci\u00e9t\u00e9s de Gestion pour les Soci\u00e9t\u00e9s de Gestion et leurs clients investisseurs. Investisseurs Institutionnels IZNES offre une solution \u00e9conomique, totalement digitale, qui simplifie le parcours d\u2019investissement pour ses Investisseurs Institutionnels. Assureurs Vie Les Assureurs vie ont identifi\u00e9 les avantages financiers et op\u00e9rationnels","protected":false},"author":2,"featured_media":0,"parent":0,"menu_order":0,"comment_status":"closed","ping_status":"closed","template":"","meta":{"footnotes":""},"class_list":["post-7223","page","type-page","status-publish","hentry"],"_links":{"self":[{"href":"https:\/\/iznes.io\/en\/wp-json\/wp\/v2\/pages\/7223","targetHints":{"allow":["GET"]}}],"collection":[{"href":"https:\/\/iznes.io\/en\/wp-json\/wp\/v2\/pages"}],"about":[{"href":"https:\/\/iznes.io\/en\/wp-json\/wp\/v2\/types\/page"}],"author":[{"embeddable":true,"href":"https:\/\/iznes.io\/en\/wp-json\/wp\/v2\/users\/2"}],"replies":[{"embeddable":true,"href":"https:\/\/iznes.io\/en\/wp-json\/wp\/v2\/comments?post=7223"}],"version-history":[{"count":7,"href":"https:\/\/iznes.io\/en\/wp-json\/wp\/v2\/pages\/7223\/revisions"}],"predecessor-version":[{"id":9488,"href":"https:\/\/iznes.io\/en\/wp-json\/wp\/v2\/pages\/7223\/revisions\/9488"}],"wp:attachment":[{"href":"https:\/\/iznes.io\/en\/wp-json\/wp\/v2\/media?parent=7223"}],"curies":[{"name":"wp","href":"https:\/\/api.w.org\/{rel}","templated":true}]}}