{"id":7538,"date":"2020-10-15T16:56:46","date_gmt":"2020-10-15T14:56:46","guid":{"rendered":"https:\/\/website.iznes.io\/?page_id=7538"},"modified":"2026-03-17T15:11:55","modified_gmt":"2026-03-17T13:11:55","slug":"notre-gouvernance","status":"publish","type":"page","link":"https:\/\/iznes.io\/en\/presentation-entreprise\/notre-gouvernance\/","title":{"rendered":"Governing Board"},"content":{"rendered":"<section class=\"wpb-content-wrapper\"><div class=\"vc_row wpb_row vc_row-fluid vc_custom_1459506565899\"><div class=\"wpb_column vc_column_container vc_col-sm-9\"><div class=\"vc_column-inner\"><div class=\"wpb_wrapper\"><div class=\"vc_custom_heading vc_custom_1602774527007 text_align_left\" ><h2 style=\"text-align: left\" class=\"consulting-custom-title\">Governing Board<\/h2><\/div><div class=\"vc_empty_space\"   style=\"height: 30px\"><span class=\"vc_empty_space_inner\"><\/span><\/div><div class=\"vc_custom_heading vc_custom_1602852982263 text_align_left title_no_stripe\" ><h3 style=\"color: #000000;text-align: left;font-weight:600\" class=\"consulting-custom-title\">Members of the Board<\/h3><\/div><div class=\"vc_empty_space\"   style=\"height: 30px\"><span class=\"vc_empty_space_inner\"><\/span><\/div><div class=\"vc_row wpb_row vc_inner vc_row-fluid\"><div class=\"wpb_column vc_column_container vc_col-sm-4\"><div class=\"vc_column-inner\"><div class=\"wpb_wrapper\">\n\t<div  class=\"wpb_single_image wpb_content_element vc_align_center\">\n\t\t\n\t\t<figure class=\"wpb_wrapper vc_figure\">\n\t\t\t<a href=\"https:\/\/www.linkedin.com\/in\/bruno-prigent-3b3163a3\/\" target=\"_self\" class=\"vc_single_image-wrapper   vc_box_border_grey\"><img decoding=\"async\" class=\"vc_single_image-img\" src=\"https:\/\/iznes.io\/wp-content\/uploads\/2021\/01\/bruno-prigent.png\" width=\"220\" height=\"211\" alt=\"bruno prigent\" title=\"bruno prigent\" \/><\/a>\n\t\t<\/figure>\n\t<\/div>\n\n\t<div class=\"wpb_text_column wpb_content_element\" >\n\t\t<div class=\"wpb_wrapper\">\n\t\t\t<p style=\"text-align: center;\"><strong>Bruno Prigent<br \/>\n<\/strong>President of Board ex-CEO Soci\u00e9t\u00e9 G\u00e9n\u00e9rale Securities Services<\/p>\n\n\t\t<\/div>\n\t<\/div>\n<\/div><\/div><\/div><div class=\"wpb_column vc_column_container vc_col-sm-4\"><div class=\"vc_column-inner\"><div class=\"wpb_wrapper\">\n\t<div  class=\"wpb_single_image wpb_content_element vc_align_center\">\n\t\t\n\t\t<figure class=\"wpb_wrapper vc_figure\">\n\t\t\t<a href=\"https:\/\/www.linkedin.com\/in\/jean-pierre-grimaud-52b2245a\/\" target=\"_self\" class=\"vc_single_image-wrapper   vc_box_border_grey\"><img decoding=\"async\" class=\"vc_single_image-img\" src=\"https:\/\/iznes.io\/wp-content\/uploads\/2024\/03\/Olivier-Macquet-220x220.png\" width=\"220\" height=\"220\" alt=\"Olivier Macquet\" title=\"Olivier Macquet\" \/><\/a>\n\t\t<\/figure>\n\t<\/div>\n\n\t<div class=\"wpb_text_column wpb_content_element\" >\n\t\t<div class=\"wpb_wrapper\">\n\t\t\t<p style=\"text-align: center;\"><b>Olivier Macquet<br \/>\n<\/b>Director of Participations d\u2019OFI Invest<\/p>\n\n\t\t<\/div>\n\t<\/div>\n<\/div><\/div><\/div><div class=\"wpb_column vc_column_container vc_col-sm-4\"><div class=\"vc_column-inner\"><div class=\"wpb_wrapper\">\n\t<div  class=\"wpb_single_image wpb_content_element vc_align_center\">\n\t\t\n\t\t<figure class=\"wpb_wrapper vc_figure\">\n\t\t\t<a href=\"https:\/\/www.linkedin.com\/in\/guillaumed6\/\" target=\"_self\" class=\"vc_single_image-wrapper   vc_box_border_grey\"><img decoding=\"async\" class=\"vc_single_image-img\" src=\"https:\/\/iznes.io\/wp-content\/uploads\/2021\/12\/De-Martel-Guillaume-photo_recadre\u0301.png\" width=\"220\" height=\"216\" alt=\"De Martel Guillaume photo_recadre\u0301\" title=\"De Martel Guillaume photo_recadre\u0301\" \/><\/a>\n\t\t<\/figure>\n\t<\/div>\n\n\t<div class=\"wpb_text_column wpb_content_element\" >\n\t\t<div class=\"wpb_wrapper\">\n\t\t\t<p style=\"text-align: center;\"><b>Guillaume de Martel<\/b><i><br \/>\n<\/i>CEO of <span data-olk-copy-source=\"MessageBody\">Soci\u00e9t\u00e9 G\u00e9n\u00e9rale Investment Solutions France<\/span><\/p>\n\n\t\t<\/div>\n\t<\/div>\n<\/div><\/div><\/div><\/div><div class=\"vc_empty_space\"   style=\"height: 80px\"><span class=\"vc_empty_space_inner\"><\/span><\/div><div class=\"vc_row wpb_row vc_inner vc_row-fluid\"><div class=\"wpb_column vc_column_container vc_col-sm-4\"><div class=\"vc_column-inner\"><div class=\"wpb_wrapper\">\n\t<div  class=\"wpb_single_image wpb_content_element vc_align_center\">\n\t\t\n\t\t<figure class=\"wpb_wrapper vc_figure\">\n\t\t\t<a href=\"https:\/\/www.linkedin.com\/in\/fabrice-cuchet-5765095\/\" target=\"_self\" class=\"vc_single_image-wrapper   vc_box_border_grey\"><img loading=\"lazy\" decoding=\"async\" class=\"vc_single_image-img\" src=\"https:\/\/iznes.io\/wp-content\/uploads\/2021\/06\/fabrice-cuchet.png\" width=\"219\" height=\"214\" alt=\"fabrice cuchet\" title=\"fabrice cuchet\" \/><\/a>\n\t\t<\/figure>\n\t<\/div>\n\n\t<div class=\"wpb_text_column wpb_content_element\" >\n\t\t<div class=\"wpb_wrapper\">\n\t\t\t<p style=\"text-align: center;\"><strong>Fabrice Cuchet<br \/>\n<\/strong>Member of Group Strategic &amp;<br \/>\nExecutive Committees, COO chez Candriam<\/p>\n\n\t\t<\/div>\n\t<\/div>\n<\/div><\/div><\/div><div class=\"wpb_column vc_column_container vc_col-sm-4\"><div class=\"vc_column-inner\"><div class=\"wpb_wrapper\">\n\t<div  class=\"wpb_single_image wpb_content_element vc_align_center\">\n\t\t\n\t\t<figure class=\"wpb_wrapper vc_figure\">\n\t\t\t<a href=\"https:\/\/www.linkedin.com\/in\/pierre-ernst-b03977133\/\" target=\"_self\" class=\"vc_single_image-wrapper   vc_box_border_grey\"><img loading=\"lazy\" decoding=\"async\" class=\"vc_single_image-img\" src=\"https:\/\/iznes.io\/wp-content\/uploads\/2021\/06\/pierre-ernst.png\" width=\"214\" height=\"209\" alt=\"pierre ernst\" title=\"pierre ernst\" \/><\/a>\n\t\t<\/figure>\n\t<\/div>\n\n\t<div class=\"wpb_text_column wpb_content_element\" >\n\t\t<div class=\"wpb_wrapper\">\n\t\t\t<p style=\"text-align: center;\"><strong>Pierre Ernst<\/strong><br \/>\nMember of the Management Board<br \/>\nLa Banque Postale Asset Management<\/p>\n\n\t\t<\/div>\n\t<\/div>\n<\/div><\/div><\/div><div class=\"wpb_column vc_column_container vc_col-sm-4\"><div class=\"vc_column-inner\"><div class=\"wpb_wrapper\">\n\t<div  class=\"wpb_single_image wpb_content_element vc_align_center\">\n\t\t\n\t\t<figure class=\"wpb_wrapper vc_figure\">\n\t\t\t<a href=\"https:\/\/www.linkedin.com\/in\/vincent-rasclard-709520a\/?originalSubdomain=fr\" target=\"_self\" class=\"vc_single_image-wrapper   vc_box_border_grey\"><img loading=\"lazy\" decoding=\"async\" class=\"vc_single_image-img\" src=\"https:\/\/iznes.io\/wp-content\/uploads\/2023\/06\/vincent-rasclard-220x220.png\" width=\"220\" height=\"220\" alt=\"vincent rasclard\" title=\"vincent rasclard\" \/><\/a>\n\t\t<\/figure>\n\t<\/div>\n\n\t<div class=\"wpb_text_column wpb_content_element\" >\n\t\t<div class=\"wpb_wrapper\">\n\t\t\t<p style=\"text-align: center;\"><strong>Vincent Rasclard<br \/>\n<\/strong>Managing Director at Rothschild &amp; Co Asset Management<\/p>\n\n\t\t<\/div>\n\t<\/div>\n<\/div><\/div><\/div><\/div><div class=\"vc_empty_space\"   style=\"height: 80px\"><span class=\"vc_empty_space_inner\"><\/span><\/div><div class=\"vc_row wpb_row vc_inner vc_row-fluid\"><div class=\"wpb_column vc_column_container vc_col-sm-4\"><div class=\"vc_column-inner\"><div class=\"wpb_wrapper\">\n\t<div  class=\"wpb_single_image wpb_content_element vc_align_center\">\n\t\t\n\t\t<figure class=\"wpb_wrapper vc_figure\">\n\t\t\t<a href=\"https:\/\/www.linkedin.com\/in\/rcuinat\/\" target=\"_self\" class=\"vc_single_image-wrapper   vc_box_border_grey\"><img loading=\"lazy\" decoding=\"async\" class=\"vc_single_image-img\" src=\"https:\/\/iznes.io\/wp-content\/uploads\/2024\/08\/Design-sans-titre-10.png\" width=\"220\" height=\"211\" alt=\"Design sans titre (10)\" title=\"Design sans titre (10)\" \/><\/a>\n\t\t<\/figure>\n\t<\/div>\n\n\t<div class=\"wpb_text_column wpb_content_element\" >\n\t\t<div class=\"wpb_wrapper\">\n\t\t\t<p style=\"text-align: center;\"><strong>R\u00e9mi Cuinat<\/strong><br \/>\nDirector of Unit-Linked Assets at Generali France<\/p>\n\n\t\t<\/div>\n\t<\/div>\n<\/div><\/div><\/div><div class=\"wpb_column vc_column_container vc_col-sm-4\"><div class=\"vc_column-inner\"><div class=\"wpb_wrapper\">\n\t<div  class=\"wpb_single_image wpb_content_element vc_align_center\">\n\t\t\n\t\t<figure class=\"wpb_wrapper vc_figure\">\n\t\t\t<a href=\"https:\/\/www.linkedin.com\/in\/minhtran\/\" target=\"_self\" class=\"vc_single_image-wrapper   vc_box_border_grey\"><img loading=\"lazy\" decoding=\"async\" class=\"vc_single_image-img\" src=\"https:\/\/iznes.io\/wp-content\/uploads\/2021\/01\/minh-q-tran.png\" width=\"220\" height=\"212\" alt=\"minh q tran\" title=\"minh q tran\" \/><\/a>\n\t\t<\/figure>\n\t<\/div>\n\n\t<div class=\"wpb_text_column wpb_content_element\" >\n\t\t<div class=\"wpb_wrapper\">\n\t\t\t<p style=\"text-align: center;\"><strong>Minh Q. Tran<\/strong><i><br \/>\n<\/i>Managing partner of Mandalore Partners and Fund Manager Insurtech capital<\/p>\n\n\t\t<\/div>\n\t<\/div>\n<\/div><\/div><\/div><div class=\"wpb_column vc_column_container vc_col-sm-4\"><div class=\"vc_column-inner\"><div class=\"wpb_wrapper\">\n\t<div  class=\"wpb_single_image wpb_content_element vc_align_center\">\n\t\t\n\t\t<figure class=\"wpb_wrapper vc_figure\">\n\t\t\t<a href=\"https:\/\/www.vatelcapital.com\/les-fondateurs-vatelcapital\/\" target=\"_self\" class=\"vc_single_image-wrapper   vc_box_border_grey\"><img loading=\"lazy\" decoding=\"async\" class=\"vc_single_image-img\" src=\"https:\/\/iznes.io\/wp-content\/uploads\/2026\/03\/marc-meneau-cercle.png\" width=\"220\" height=\"220\" alt=\"marc meneau cercle\" title=\"marc meneau cercle\" \/><\/a>\n\t\t<\/figure>\n\t<\/div>\n\n\t<div class=\"wpb_text_column wpb_content_element\" >\n\t\t<div class=\"wpb_wrapper\">\n\t\t\t<p style=\"text-align: center;\"><strong>Marc Meneau<br \/>\n<\/strong>Founder President of<br \/>\nVATEL Capital<\/p>\n\n\t\t<\/div>\n\t<\/div>\n<\/div><\/div><\/div><\/div><div class=\"vc_empty_space\"   style=\"height: 80px\"><span class=\"vc_empty_space_inner\"><\/span><\/div><div class=\"vc_row wpb_row vc_inner vc_row-fluid vc_row-o-content-middle vc_row-flex\"><div class=\"wpb_column vc_column_container vc_col-sm-4\"><div class=\"vc_column-inner\"><div class=\"wpb_wrapper\">\n\t<div  class=\"wpb_single_image wpb_content_element vc_align_center\">\n\t\t\n\t\t<figure class=\"wpb_wrapper vc_figure\">\n\t\t\t<a href=\"https:\/\/www.linkedin.com\/in\/guillaume-eliet-132a29\" target=\"_self\" class=\"vc_single_image-wrapper   vc_box_border_grey\"><img loading=\"lazy\" decoding=\"async\" class=\"vc_single_image-img\" src=\"https:\/\/iznes.io\/wp-content\/uploads\/2024\/12\/guillaume-eliet-cercle.png\" width=\"220\" height=\"220\" alt=\"guillaume eliet cercle\" title=\"guillaume eliet cercle\" \/><\/a>\n\t\t<\/figure>\n\t<\/div>\n\n\t<div class=\"wpb_text_column wpb_content_element\" >\n\t\t<div class=\"wpb_wrapper\">\n\t\t\t<p style=\"text-align: center;\"><strong>Guillaume Eliet<br \/>\n<\/strong><span class=\"update-components-actor__description t-black--light t-12 t-normal\"><span aria-hidden=\"true\">G<\/span><\/span><span class=\"update-components-actor__description t-black--light t-12 t-normal\"><span aria-hidden=\"true\">roup Chief Risk Officer &amp; Executive Board Member at<\/span><\/span>\u00a0Euroclear<\/p>\n\n\t\t<\/div>\n\t<\/div>\n<\/div><\/div><\/div><div class=\"wpb_column vc_column_container vc_col-sm-4\"><div class=\"vc_column-inner\"><div class=\"wpb_wrapper\"><\/div><\/div><\/div><\/div><div class=\"vc_empty_space\"   style=\"height: 80px\"><span class=\"vc_empty_space_inner\"><\/span><\/div><div class=\"vc_empty_space\"   style=\"height: 80px\"><span class=\"vc_empty_space_inner\"><\/span><\/div><div class=\"vc_empty_space\"   style=\"height: 80px\"><span class=\"vc_empty_space_inner\"><\/span><\/div><\/div><\/div><\/div><div class=\"wpb_column vc_column_container vc_col-sm-3\"><div class=\"vc_column-inner\"><div class=\"wpb_wrapper\">\n<div class=\"stm_sidebar\">\n\n            <style type=\"text\/css\" scoped>\n            .vc_custom_1451998133493{margin-bottom: 30px !important;}.vc_custom_1452056597103{margin-right: 0px !important;margin-bottom: 30px !important;margin-left: 0px !important;}.vc_custom_1452056633692{padding-top: 37px !important;padding-right: 30px !important;padding-bottom: 40px !important;padding-left: 30px !important;}.vc_custom_1598820068122{margin-bottom: 9px !important;}.vc_custom_1598820007828{margin-bottom: 17px !important;}        <\/style>\n        <section class=\"wpb-content-wrapper\"><div class=\"vc_row wpb_row vc_row-fluid\"><div class=\"wpb_column vc_column_container vc_col-sm-12\"><div class=\"vc_column-inner\"><div class=\"wpb_wrapper\"><div class=\"vc_wp_custommenu wpb_content_element mb-30\"><\/div><\/div><\/div><\/div><\/div><div class=\"vc_row wpb_row vc_row-fluid vc_custom_1451998133493\"><div class=\"wpb_column vc_column_container vc_col-sm-12\"><div class=\"vc_column-inner\"><div class=\"wpb_wrapper\"><div class=\"vc_wp_search wpb_content_element\"><aside class=\"widget widget_search\"><form method=\"get\" class=\"search-form\" action=\"https:\/\/iznes.io\/en\/\" data-trp-original-action=\"https:\/\/iznes.io\/en\/\">\n\t<input type=\"search\" class=\"form-control\" placeholder=\"Search...\" value=\"\" name=\"s\" \/>\n\t<button type=\"submit\"><i class=\"fa fa-search\"><\/i><\/button>\n<input type=\"hidden\" name=\"trp-form-language\" value=\"en\"\/><\/form><\/aside><\/div><\/div><\/div><\/div><\/div><div class=\"vc_row wpb_row vc_row-fluid third_bg_color vc_custom_1452056597103\"><div class=\"wpb_column vc_column_container vc_col-sm-12\"><div class=\"vc_column-inner vc_custom_1452056633692\"><div class=\"wpb_wrapper\"><div class=\"vc_custom_heading vc_custom_1598820068122 text_align_left\" ><div style=\"font-size: 16px;color: #222222;text-align: left;font-family:Poppins;font-weight:600;font-style:normal\" class=\"consulting-custom-title\">How can we help you?<\/div><\/div>\n\t<div class=\"wpb_text_column wpb_content_element  vc_custom_1598820007828\" >\n\t\t<div class=\"wpb_wrapper\">\n\t\t\t<p>Contact us at the nearest IZNES office or submit a business inquiry online.<\/p>\n\n\t\t<\/div>\n\t<\/div>\n<div class=\"vc_btn3-container vc_btn3-inline\" ><a class=\"vc_general vc_btn3 vc_btn3-size-sm vc_btn3-shape-rounded vc_btn3-style-flat vc_btn3-icon-left vc_btn3-color-white\" href=\"https:\/\/website.iznes.io\/contact-us\/\" title=\"Contact us\"><i class=\"vc_btn3-icon\"><\/i> Contact<\/a><\/div><\/div><\/div><\/div><\/div>\n<\/section>    \n<\/div><\/div><\/div><\/div><\/div><div data-vc-full-width=\"true\" data-vc-full-width-init=\"false\" class=\"vc_row wpb_row vc_row-fluid third_bg_color vc_custom_1459505959648\"><div class=\"wpb_column vc_column_container vc_col-sm-12\"><div class=\"vc_column-inner\"><div class=\"wpb_wrapper\">    \n    <div id=\"particles_69d4c2ae66211\"><\/div>\n\n    <style>\n        #particles_69d4c2ae66211 {\n            position: absolute;\n            top: 0;\n            left: 0;\n            right: 0;\n            bottom: 0;\n        }\n        .vc_cta3_content-container {\n            position: relative;\n        }\n    <\/style>\n\n    <script type=\"text\/javascript\">\n        jQuery(document).ready(function ($) {\n            var screenWidth = $(window).width();\n            if(screenWidth < 1140) {\n                var defaultWidth = screenWidth;\n            } else {\n                var defaultWidth = 1140;\n            }\n            var marginLeft = (screenWidth - defaultWidth) \/ 2;\n\n            $('#particles_69d4c2ae66211').css({\n                'width': screenWidth + 'px',\n                'margin-left': '-' + marginLeft + 'px'\n            });\n\n            particlesJS('particles_69d4c2ae66211',\n\n                {\n                    \"particles\": {\n                        \"number\": {\n                            \"value\": 120,\n                            \"density\": {\n                                \"enable\": true,\n                                \"value_area\": 800\n                            }\n                        },\n                        \"color\": {\n                            \"value\": \"#ffffff\"\n                        },\n                        \"opacity\": {\n                            \"value\": 0.5,\n                            \"random\": false,\n                            \"anim\": {\n                                \"enable\": false,\n                                \"speed\": 1,\n                                \"opacity_min\": 0.1,\n                                \"sync\": false\n                            }\n                        },\n                        \"size\": {\n                            \"value\": 8,\n                            \"random\": true,\n                            \"anim\": {\n                                \"enable\": false,\n                                \"speed\": 40,\n                                \"size_min\": 0.1,\n                                \"sync\": false\n                            }\n                        },\n                        \"line_linked\": {\n                            \"enable\": true,\n                            \"distance\": 150,\n                            \"color\": \"#ffffff\",\n                            \"opacity\": 0.4,\n                            \"width\": 1\n                        },\n                        \"move\": {\n                            \"enable\": true,\n                            \"speed\": 6,\n                            \"direction\": \"none\",\n                            \"random\": false,\n                            \"straight\": false,\n                            \"out_mode\": \"out\",\n                            \"attract\": {\n                                \"enable\": false,\n                                \"rotateX\": 600,\n                                \"rotateY\": 1200\n                            }\n                        }\n                    },\n                    \"interactivity\": {\n                        \"detect_on\": \"canvas\",\n                        \"events\": {\n                            \"onhover\": {\n                                \"enable\": true,\n                                \"mode\": \"grab\"\n                            },\n                            \"onclick\": {\n                                \"enable\": true,\n                                \"mode\": \"push\"\n                            },\n                            \"resize\": true\n                        }\n                    },\n                    \"retina_detect\": true\n                }\n\n            );\n        });\n    <\/script>\n\n<section class=\"vc_cta3-container\" >\n    <div class=\"vc_general vc_cta3 third_bg_color vc_cta3-style-flat vc_cta3-shape-square vc_cta3-align-left vc_cta3-color-classic vc_cta3-icon-size-md vc_cta3-actions-right vc_custom_1604941255213 style=\"\"\">\n                        <div class=\"vc_cta3_content-container\">\n                                    <div class=\"vc_cta3-content\">\n                <header class=\"vc_cta3-content-header\">\n                    <div class=\"vc_custom_heading\" ><h2 style=\"font-size: 20px;color: #ffffff;line-height: 24px\" class=\"consulting-custom-title\">DLT platform for subscriptions and redemptions of UCI units<\/h2><\/div>                                    <\/header>\n                            <\/div>\n                        <div class=\"vc_cta3-actions\"><div class=\"vc_btn3-container vc_btn3-right\" ><a class=\"vc_general vc_btn3 vc_btn3-size-md vc_btn3-shape-rounded vc_btn3-style-flat vc_btn3-icon-right vc_btn3-color-theme_style_2\" href=\"https:\/\/website.iznes.io\/la-plateforme-iznes\/\" title=\"The IZNES Platform\" target=\"_blank\">discover <i class=\"vc_btn3-icon stm-online-address\"><\/i><\/a><\/div><\/div>        <\/div>\n                    <\/div>\n<\/section><\/div><\/div><\/div><\/div><div class=\"vc_row-full-width vc_clearfix\"><\/div>\n<\/section>","protected":false},"excerpt":{"rendered":"Notre GouvernanceLes membres du Board Bruno Prigent President of Board ex-CEO Soci\u00e9t\u00e9 G\u00e9n\u00e9rale Securities Services Olivier Macquet Director of Participations d\u2019OFI Invest Guillaume de Martel CEO of Soci\u00e9t\u00e9 G\u00e9n\u00e9rale Investment Solutions France Fabrice Cuchet Member of Group Strategic &amp; Executive Committees, COO chez Candriam Pierre Ernst Member of the Management Board La Banque Postale Asset","protected":false},"author":2,"featured_media":0,"parent":6479,"menu_order":2,"comment_status":"closed","ping_status":"closed","template":"","meta":{"footnotes":""},"class_list":["post-7538","page","type-page","status-publish","hentry"],"_links":{"self":[{"href":"https:\/\/iznes.io\/en\/wp-json\/wp\/v2\/pages\/7538","targetHints":{"allow":["GET"]}}],"collection":[{"href":"https:\/\/iznes.io\/en\/wp-json\/wp\/v2\/pages"}],"about":[{"href":"https:\/\/iznes.io\/en\/wp-json\/wp\/v2\/types\/page"}],"author":[{"embeddable":true,"href":"https:\/\/iznes.io\/en\/wp-json\/wp\/v2\/users\/2"}],"replies":[{"embeddable":true,"href":"https:\/\/iznes.io\/en\/wp-json\/wp\/v2\/comments?post=7538"}],"version-history":[{"count":6,"href":"https:\/\/iznes.io\/en\/wp-json\/wp\/v2\/pages\/7538\/revisions"}],"predecessor-version":[{"id":9453,"href":"https:\/\/iznes.io\/en\/wp-json\/wp\/v2\/pages\/7538\/revisions\/9453"}],"up":[{"embeddable":true,"href":"https:\/\/iznes.io\/en\/wp-json\/wp\/v2\/pages\/6479"}],"wp:attachment":[{"href":"https:\/\/iznes.io\/en\/wp-json\/wp\/v2\/media?parent=7538"}],"curies":[{"name":"wp","href":"https:\/\/api.w.org\/{rel}","templated":true}]}}