{"id":7827,"date":"2020-12-29T16:19:46","date_gmt":"2020-12-29T14:19:46","guid":{"rendered":"https:\/\/website.iznes.io\/?page_id=7827"},"modified":"2021-07-05T15:17:16","modified_gmt":"2021-07-05T13:17:16","slug":"temoignages-clients","status":"publish","type":"page","link":"https:\/\/iznes.io\/en\/temoignages-clients\/","title":{"rendered":"Clients testimonials"},"content":{"rendered":"<section class=\"wpb-content-wrapper\"><div class=\"vc_row wpb_row vc_row-fluid\"><div class=\"wpb_column vc_column_container vc_col-sm-12\"><div class=\"vc_column-inner\"><div class=\"wpb_wrapper\"><div class=\"vc_empty_space\"   style=\"height: 32px\"><span class=\"vc_empty_space_inner\"><\/span><\/div>\n\t<div class=\"wpb_text_column wpb_content_element\" >\n\t\t<div class=\"wpb_wrapper\">\n\t\t\t<h2>They talk about us...<\/h2>\n\n\t\t<\/div>\n\t<\/div>\n<div class=\"vc_custom_heading text_align_center title_no_stripe\" ><h3 style=\"color: #c79e61;text-align: center;font-family:Poppins;font-weight:300;font-style:normal;font-weight:600\" class=\"consulting-custom-title\">Testimony of a Corporate Investor<\/h3><\/div><div class=\"vc_empty_space\"   style=\"height: 32px\"><span class=\"vc_empty_space_inner\"><\/span><\/div>\n\t<div class=\"wpb_text_column wpb_content_element\" >\n\t\t<div class=\"wpb_wrapper\">\n\t\t\t<p style=\"text-align: center;\"><iframe src=\"https:\/\/www.youtube.com\/embed\/42U2DZpPbuw\" width=\"1120\" height=\"630\" frameborder=\"0\" allowfullscreen=\"allowfullscreen\"><span data-mce-type=\"bookmark\" style=\"display: inline-block; width: 0px; overflow: hidden; line-height: 0;\" class=\"mce_SELRES_start\"><\/span><\/iframe><\/p>\n\n\t\t<\/div>\n\t<\/div>\n<div class=\"vc_empty_space\"   style=\"height: 32px\"><span class=\"vc_empty_space_inner\"><\/span><\/div><div class=\"vc_custom_heading text_align_center title_no_stripe\" ><h3 style=\"color: #c79e61;text-align: center;font-family:Poppins;font-weight:400;font-style:normal;font-weight:600\" class=\"consulting-custom-title\">Testimony of an Head of Operations of a Management Company<\/h3><\/div><div class=\"vc_empty_space\"   style=\"height: 32px\"><span class=\"vc_empty_space_inner\"><\/span><\/div>\n\t<div class=\"wpb_text_column wpb_content_element\" >\n\t\t<div class=\"wpb_wrapper\">\n\t\t\t<p style=\"text-align: center;\"><iframe src=\"https:\/\/www.youtube.com\/embed\/k7CGPyi08cM\" width=\"1120\" height=\"630\" frameborder=\"0\" allowfullscreen=\"allowfullscreen\"><\/iframe><\/p>\n\n\t\t<\/div>\n\t<\/div>\n<div class=\"vc_empty_space\"   style=\"height: 32px\"><span class=\"vc_empty_space_inner\"><\/span><\/div><div class=\"vc_custom_heading text_align_center title_no_stripe\" ><h3 style=\"color: #c79e61;text-align: center;font-family:Poppins;font-weight:400;font-style:normal;font-weight:600\" class=\"consulting-custom-title\">Testimony of a Head of Development of a Management Company<\/h3><\/div><div class=\"vc_empty_space\"   style=\"height: 32px\"><span class=\"vc_empty_space_inner\"><\/span><\/div>\n\t<div class=\"wpb_text_column wpb_content_element\" >\n\t\t<div class=\"wpb_wrapper\">\n\t\t\t<p style=\"text-align: center;\"><iframe src=\"https:\/\/www.youtube.com\/embed\/Sqkf0Khyun8\" width=\"1120\" height=\"630\" frameborder=\"0\" allowfullscreen=\"allowfullscreen\"><\/iframe><\/p>\n\n\t\t<\/div>\n\t<\/div>\n<div class=\"vc_empty_space\"   style=\"height: 50px\"><span class=\"vc_empty_space_inner\"><\/span><\/div><div class=\"vc_custom_heading text_align_center title_no_stripe\" ><h3 style=\"color: #c79e61;text-align: center;font-family:Poppins;font-weight:400;font-style:normal;font-weight:600\" class=\"consulting-custom-title\">Testimony of a Co-Director of Operations<br \/>\nof a Management Company<\/h3><\/div>\n\t<div class=\"wpb_text_column wpb_content_element\" >\n\t\t<div class=\"wpb_wrapper\">\n\t\t\t<p style=\"text-align: center;\"><iframe title=\"YouTube video player\" src=\"https:\/\/www.youtube.com\/embed\/1ted5PPB5is\" width=\"1120\" height=\"630\" frameborder=\"0\" allowfullscreen=\"allowfullscreen\"><\/iframe><\/p>\n\n\t\t<\/div>\n\t<\/div>\n<div class=\"vc_empty_space\"   style=\"height: 50px\"><span class=\"vc_empty_space_inner\"><\/span><\/div><div class=\"vc_custom_heading text_align_center title_no_stripe\" ><h3 style=\"color: #c79e61;text-align: center;font-family:Poppins;font-weight:400;font-style:normal;font-weight:600\" class=\"consulting-custom-title\">Testimony of a Head of Operations of a Management Company<\/h3><\/div>\n\t<div class=\"wpb_text_column wpb_content_element\" >\n\t\t<div class=\"wpb_wrapper\">\n\t\t\t<p style=\"text-align: center;\"><iframe title=\"YouTube video player\" src=\"https:\/\/www.youtube.com\/embed\/teyCJrThyc4\" width=\"1120\" height=\"630\" frameborder=\"0\" allowfullscreen=\"allowfullscreen\"><\/iframe><\/p>\n\n\t\t<\/div>\n\t<\/div>\n<div class=\"vc_empty_space\"   style=\"height: 60px\"><span class=\"vc_empty_space_inner\"><\/span><\/div><\/div><\/div><\/div><\/div><div data-vc-full-width=\"true\" data-vc-full-width-init=\"false\" data-vc-stretch-content=\"true\" class=\"vc_row wpb_row vc_row-fluid\"><div class=\"wpb_column vc_column_container vc_col-sm-12\"><div class=\"vc_column-inner\"><div class=\"wpb_wrapper\">    \n    <div id=\"particles_69d5549cd149e\"><\/div>\n\n    <style>\n        #particles_69d5549cd149e {\n            position: absolute;\n            top: 0;\n            left: 0;\n            right: 0;\n            bottom: 0;\n        }\n        .vc_cta3_content-container {\n            position: relative;\n        }\n    <\/style>\n\n    <script type=\"text\/javascript\">\n        jQuery(document).ready(function ($) {\n            var screenWidth = $(window).width();\n            if(screenWidth < 1140) {\n                var defaultWidth = screenWidth;\n            } else {\n                var defaultWidth = 1140;\n            }\n            var marginLeft = (screenWidth - defaultWidth) \/ 2;\n\n            $('#particles_69d5549cd149e').css({\n                'width': screenWidth + 'px',\n                'margin-left': '-' + marginLeft + 'px'\n            });\n\n            particlesJS('particles_69d5549cd149e',\n\n                {\n                    \"particles\": {\n                        \"number\": {\n                            \"value\": 120,\n                            \"density\": {\n                                \"enable\": true,\n                                \"value_area\": 800\n                            }\n                        },\n                        \"color\": {\n                            \"value\": \"#ffffff\"\n                        },\n                        \"opacity\": {\n                            \"value\": 0.5,\n                            \"random\": false,\n                            \"anim\": {\n                                \"enable\": false,\n                                \"speed\": 1,\n                                \"opacity_min\": 0.1,\n                                \"sync\": false\n                            }\n                        },\n                        \"size\": {\n                            \"value\": 8,\n                            \"random\": true,\n                            \"anim\": {\n                                \"enable\": false,\n                                \"speed\": 40,\n                                \"size_min\": 0.1,\n                                \"sync\": false\n                            }\n                        },\n                        \"line_linked\": {\n                            \"enable\": true,\n                            \"distance\": 150,\n                            \"color\": \"#ffffff\",\n                            \"opacity\": 0.4,\n                            \"width\": 1\n                        },\n                        \"move\": {\n                            \"enable\": true,\n                            \"speed\": 6,\n                            \"direction\": \"none\",\n                            \"random\": false,\n                            \"straight\": false,\n                            \"out_mode\": \"out\",\n                            \"attract\": {\n                                \"enable\": false,\n                                \"rotateX\": 600,\n                                \"rotateY\": 1200\n                            }\n                        }\n                    },\n                    \"interactivity\": {\n                        \"detect_on\": \"canvas\",\n                        \"events\": {\n                            \"onhover\": {\n                                \"enable\": true,\n                                \"mode\": \"grab\"\n                            },\n                            \"onclick\": {\n                                \"enable\": true,\n                                \"mode\": \"push\"\n                            },\n                            \"resize\": true\n                        }\n                    },\n                    \"retina_detect\": true\n                }\n\n            );\n        });\n    <\/script>\n\n<section class=\"vc_cta3-container\" >\n    <div class=\"vc_general vc_cta3 third_bg_color vc_cta3-style-flat vc_cta3-shape-square vc_cta3-align-center vc_cta3-color-classic vc_cta3-icon-size-md vc_cta3-actions-right vc_custom_1604941024022 style=\"\"\">\n                        <div class=\"vc_cta3_content-container\">\n                                    <div class=\"vc_cta3-content\">\n                <header class=\"vc_cta3-content-header\">\n                    <div class=\"vc_custom_heading\" ><h2 style=\"font-size: 20px;color: #ffffff;line-height: 24px\" class=\"consulting-custom-title\">DLT platform for subscriptions and redemptions of UCI units<\/h2><\/div>                                    <\/header>\n                            <\/div>\n                        <div class=\"vc_cta3-actions\"><div class=\"vc_btn3-container vc_btn3-right\" ><a class=\"vc_general vc_btn3 vc_btn3-size-md vc_btn3-shape-rounded vc_btn3-style-flat vc_btn3-icon-right vc_btn3-color-theme_style_2\" href=\"https:\/\/website.iznes.io\/la-plateforme-iznes\/\" title=\"The IZNES Platform\" target=\"_blank\">discover <i class=\"vc_btn3-icon stm-online-address\"><\/i><\/a><\/div><\/div>        <\/div>\n                    <\/div>\n<\/section><\/div><\/div><\/div><\/div><div class=\"vc_row-full-width vc_clearfix\"><\/div><div data-vc-full-width=\"true\" data-vc-full-width-init=\"false\" data-vc-stretch-content=\"true\" class=\"vc_row wpb_row vc_row-fluid\"><div class=\"wpb_column vc_column_container vc_col-sm-12\"><div class=\"vc_column-inner\"><div class=\"wpb_wrapper\"><div class=\"vc_empty_space\"   style=\"height: 30px\"><span class=\"vc_empty_space_inner\"><\/span><\/div><div class=\"vc_custom_heading no_stripe vc_custom_1604940598357 text_align_left\" ><h4 style=\"font-size: 16px;color: #848484;text-align: left;font-weight:100\" class=\"consulting-custom-title\"><a href=\"https:\/\/website.iznes.io\/la-plateforme-iznes\/\" target=\"_blank\" title=\"The IZNES Platform\">Discover the IZNES Platform<\/a><\/h4><\/div><div class=\"vc_custom_heading no_stripe vc_custom_1604940537795 text_align_left\" ><h4 style=\"font-size: 16px;color: #848484;text-align: left;font-weight:100\" class=\"consulting-custom-title\"><a href=\"https:\/\/website.iznes.io\/presentation-entreprise\/notre-equipe\/\" target=\"_blank\" title=\"Our Team\">Discover the Team<\/a><\/h4><\/div><div class=\"vc_custom_heading no_stripe vc_custom_1604940573427 text_align_left\" ><h4 style=\"font-size: 16px;color: #848484;text-align: left;font-weight:100\" class=\"consulting-custom-title\"><a href=\"https:\/\/website.iznes.io\/presentation-entreprise\/careers\/\" target=\"_blank\" title=\"Our Team\">Discover Jobs<\/a><\/h4><\/div><\/div><\/div><\/div><\/div><div class=\"vc_row-full-width vc_clearfix\"><\/div>\n<\/section>","protected":false},"excerpt":{"rendered":"Ils t\u00e9moignent... T\u00e9moignage d'un Client Investisseur Corporate \ufeff T\u00e9moignage d'un Responsable des Op\u00e9rations d'une Soci\u00e9t\u00e9 de Gestion T\u00e9moignage d'un Responsable du D\u00e9veloppement d'une Soci\u00e9t\u00e9 de Gestion T\u00e9moignage d'un Co-Directeur de D\u00e9partement des Op\u00e9rations d'une Soci\u00e9t\u00e9 de Gestion T\u00e9moignage d'un Directeur des Op\u00e9rations d'une Soci\u00e9t\u00e9 de Gestion Plateforme DLT pour souscriptions et rachats de parts d'OPC","protected":false},"author":3,"featured_media":0,"parent":0,"menu_order":0,"comment_status":"closed","ping_status":"closed","template":"","meta":{"footnotes":""},"class_list":["post-7827","page","type-page","status-publish","hentry"],"_links":{"self":[{"href":"https:\/\/iznes.io\/en\/wp-json\/wp\/v2\/pages\/7827","targetHints":{"allow":["GET"]}}],"collection":[{"href":"https:\/\/iznes.io\/en\/wp-json\/wp\/v2\/pages"}],"about":[{"href":"https:\/\/iznes.io\/en\/wp-json\/wp\/v2\/types\/page"}],"author":[{"embeddable":true,"href":"https:\/\/iznes.io\/en\/wp-json\/wp\/v2\/users\/3"}],"replies":[{"embeddable":true,"href":"https:\/\/iznes.io\/en\/wp-json\/wp\/v2\/comments?post=7827"}],"version-history":[{"count":5,"href":"https:\/\/iznes.io\/en\/wp-json\/wp\/v2\/pages\/7827\/revisions"}],"predecessor-version":[{"id":8355,"href":"https:\/\/iznes.io\/en\/wp-json\/wp\/v2\/pages\/7827\/revisions\/8355"}],"wp:attachment":[{"href":"https:\/\/iznes.io\/en\/wp-json\/wp\/v2\/media?parent=7827"}],"curies":[{"name":"wp","href":"https:\/\/api.w.org\/{rel}","templated":true}]}}