{"id":8649,"date":"2022-10-25T16:19:31","date_gmt":"2022-10-25T14:19:31","guid":{"rendered":"https:\/\/iznes.io\/?page_id=8649"},"modified":"2025-10-13T16:43:58","modified_gmt":"2025-10-13T14:43:58","slug":"informations-reglementaires","status":"publish","type":"page","link":"https:\/\/iznes.io\/en\/informations-reglementaires\/","title":{"rendered":"Regulatory Information"},"content":{"rendered":"<section class=\"wpb-content-wrapper\"><div class=\"vc_row wpb_row vc_row-fluid\"><div class=\"wpb_column vc_column_container vc_col-sm-12\"><div class=\"vc_column-inner\"><div class=\"wpb_wrapper\"><div class=\"vc_empty_space\"   style=\"height: 32px\"><span class=\"vc_empty_space_inner\"><\/span><\/div><div class=\"vc_custom_heading text_align_left\" ><h2 style=\"text-align: left;font-family:Abril Fatface;font-weight:400;font-style:normal\" class=\"consulting-custom-title\">Regulatory Information<\/h2><\/div><\/div><\/div><\/div><\/div><div class=\"vc_row wpb_row vc_row-fluid\"><div class=\"wpb_column vc_column_container vc_col-sm-8\"><div class=\"vc_column-inner\"><div class=\"wpb_wrapper\"><div class=\"vc_empty_space\"   style=\"height: 75px\"><span class=\"vc_empty_space_inner\"><\/span><\/div><div class=\"vc_custom_heading text_align_left title_no_stripe\" ><h4 style=\"text-align: left;font-family:Roboto;font-weight:400;font-style:normal;font-weight:600\" class=\"consulting-custom-title\">Policy for prevention and management of conflicts of interests<\/h4><\/div><div class=\"vc_empty_space\"   style=\"height: 20px\"><span class=\"vc_empty_space_inner\"><\/span><\/div><div class=\"vc_custom_heading text_align_left title_no_stripe\" ><h4 style=\"text-align: left;font-family:Roboto;font-weight:400;font-style:normal;font-weight:600\" class=\"consulting-custom-title\">Client claims management policy<\/h4><\/div><\/div><\/div><\/div><div class=\"wpb_column vc_column_container vc_col-sm-2\"><div class=\"vc_column-inner\"><div class=\"wpb_wrapper\"><div class=\"vc_custom_heading text_align_center title_no_stripe\" ><h5 style=\"text-align: center;font-family:Roboto;font-weight:400;font-style:normal;font-weight:600\" class=\"consulting-custom-title\">FR<\/h5><\/div><div class=\"vc_icon_element vc_icon_element-outer vc_icon_element-align-center\"><div class=\"vc_icon_element-inner vc_icon_element-color-orange vc_icon_element-size-md vc_icon_element-style- vc_icon_element-background-color-grey\" ><span class=\"vc_icon_element-icon fas fa-download\" ><\/span><a class=\"vc_icon_element-link\" href=\"https:\/\/iznes.io\/wp-content\/uploads\/2019\/09\/003b_2025-03_POLITIQUE_CONFLIT_INTERET.pdf\"  title=\"\" target=\"_blank\"><\/a><\/div><\/div><div class=\"vc_icon_element vc_icon_element-outer vc_icon_element-align-center\"><div class=\"vc_icon_element-inner vc_icon_element-color-orange vc_icon_element-size-md vc_icon_element-style- vc_icon_element-background-color-grey\" ><span class=\"vc_icon_element-icon fas fa-download\" ><\/span><a class=\"vc_icon_element-link\" href=\"https:\/\/iznes.io\/wp-content\/uploads\/2019\/09\/017b_2025-03_POLITIQUE_RECLAMATIONS_publication-1.pdf\"  title=\"\" target=\"_blank\"><\/a><\/div><\/div><\/div><\/div><\/div><div class=\"wpb_column vc_column_container vc_col-sm-2\"><div class=\"vc_column-inner\"><div class=\"wpb_wrapper\"><div class=\"vc_custom_heading text_align_center title_no_stripe\" ><h5 style=\"text-align: center;font-family:Roboto;font-weight:400;font-style:normal;font-weight:600\" class=\"consulting-custom-title\">EN<\/h5><\/div><div class=\"vc_icon_element vc_icon_element-outer vc_icon_element-align-center\"><div class=\"vc_icon_element-inner vc_icon_element-color-orange vc_icon_element-size-md vc_icon_element-style- vc_icon_element-background-color-grey\" ><span class=\"vc_icon_element-icon fas fa-download\" ><\/span><a class=\"vc_icon_element-link\" href=\"https:\/\/iznes.io\/wp-content\/uploads\/2019\/09\/003e_2025-03_POLICY_PREVENTION_AND_MANAGEMENT_CONFLICTS_INTEREST_publication.pdf\"  title=\"\" target=\"_blank\"><\/a><\/div><\/div><div class=\"vc_icon_element vc_icon_element-outer vc_icon_element-align-center\"><div class=\"vc_icon_element-inner vc_icon_element-color-orange vc_icon_element-size-md vc_icon_element-style- vc_icon_element-background-color-grey\" ><span class=\"vc_icon_element-icon fas fa-download\" ><\/span><a class=\"vc_icon_element-link\" href=\"https:\/\/iznes.io\/wp-content\/uploads\/2019\/09\/017c_2025-03_CLAIMS_POLICY_publication-1.pdf\"  title=\"\" target=\"_blank\"><\/a><\/div><\/div><\/div><\/div><\/div><\/div>\n<\/section>","protected":false},"excerpt":{"rendered":"Informations r\u00e8glementairesPolitique de pr\u00e9vention et gestion des conflits d'int\u00e9r\u00eatsPolitique de gestion des r\u00e9clamations clientsFREN","protected":false},"author":2,"featured_media":0,"parent":0,"menu_order":0,"comment_status":"closed","ping_status":"closed","template":"","meta":{"footnotes":""},"class_list":["post-8649","page","type-page","status-publish","hentry"],"_links":{"self":[{"href":"https:\/\/iznes.io\/en\/wp-json\/wp\/v2\/pages\/8649","targetHints":{"allow":["GET"]}}],"collection":[{"href":"https:\/\/iznes.io\/en\/wp-json\/wp\/v2\/pages"}],"about":[{"href":"https:\/\/iznes.io\/en\/wp-json\/wp\/v2\/types\/page"}],"author":[{"embeddable":true,"href":"https:\/\/iznes.io\/en\/wp-json\/wp\/v2\/users\/2"}],"replies":[{"embeddable":true,"href":"https:\/\/iznes.io\/en\/wp-json\/wp\/v2\/comments?post=8649"}],"version-history":[{"count":5,"href":"https:\/\/iznes.io\/en\/wp-json\/wp\/v2\/pages\/8649\/revisions"}],"predecessor-version":[{"id":9607,"href":"https:\/\/iznes.io\/en\/wp-json\/wp\/v2\/pages\/8649\/revisions\/9607"}],"wp:attachment":[{"href":"https:\/\/iznes.io\/en\/wp-json\/wp\/v2\/media?parent=8649"}],"curies":[{"name":"wp","href":"https:\/\/api.w.org\/{rel}","templated":true}]}}